{"id":989,"date":"2020-04-24T10:59:58","date_gmt":"2020-04-24T16:59:58","guid":{"rendered":"http:\/\/oxejalsa.com\/?post_type=product&#038;p=989"},"modified":"2022-12-18T15:20:13","modified_gmt":"2022-12-18T21:20:13","slug":"spray-anti-salpicaduras-weld-500","status":"publish","type":"product","link":"https:\/\/oxejalsa.com\/index.php\/product\/spray-anti-salpicaduras-weld-500\/","title":{"rendered":"SPRAY ANTI SALPICADURAS WELD 500\u00ae"},"content":{"rendered":"<p><span style=\"text-transform: uppercase;\">Su pr\u00e1ctica presentaci\u00f3n facilita la aplicaci\u00f3n, solo roc\u00ede directamente sobre la tobera, difusor y puntas de contacto y de esa forma mantendr\u00e1 una fina capa que evitar\u00e1 que las chispas y salpicaduras se adhieran.<\/span><\/p>\n<p><span style=\"text-transform: uppercase;\">\u00a0Tambi\u00e9n puede rociarse sobre la zona adyacente a la soldadura y evitara que se peguen las chispas.<\/span><\/p>\n<p><span style=\"text-transform: uppercase;\">\u00a0No contiene silicones y no da\u00f1a la capa de ozono. Bajo nivel de olor. Contenido neto 16 Onzas.<\/span><\/p>\n","protected":false},"excerpt":{"rendered":"<p>SPRAY ANTI CHISPAS PARA PROTEGER CONSUMIBLES DE SISTEMAS MIG.<\/p>\n","protected":false},"featured_media":990,"comment_status":"open","ping_status":"closed","template":"","meta":{"_acf_changed":false},"product_brand":[],"product_cat":[18,19,30],"product_tag":[],"class_list":{"0":"post-989","1":"product","2":"type-product","3":"status-publish","4":"has-post-thumbnail","6":"product_cat-accesorios","7":"product_cat-consumibles","8":"product_cat-refacciones","10":"first","11":"instock","12":"shipping-taxable","13":"product-type-simple"},"acf":[],"jetpack_sharing_enabled":true,"_links":{"self":[{"href":"https:\/\/oxejalsa.com\/index.php\/wp-json\/wp\/v2\/product\/989","targetHints":{"allow":["GET"]}}],"collection":[{"href":"https:\/\/oxejalsa.com\/index.php\/wp-json\/wp\/v2\/product"}],"about":[{"href":"https:\/\/oxejalsa.com\/index.php\/wp-json\/wp\/v2\/types\/product"}],"replies":[{"embeddable":true,"href":"https:\/\/oxejalsa.com\/index.php\/wp-json\/wp\/v2\/comments?post=989"}],"wp:featuredmedia":[{"embeddable":true,"href":"https:\/\/oxejalsa.com\/index.php\/wp-json\/wp\/v2\/media\/990"}],"wp:attachment":[{"href":"https:\/\/oxejalsa.com\/index.php\/wp-json\/wp\/v2\/media?parent=989"}],"wp:term":[{"taxonomy":"product_brand","embeddable":true,"href":"https:\/\/oxejalsa.com\/index.php\/wp-json\/wp\/v2\/product_brand?post=989"},{"taxonomy":"product_cat","embeddable":true,"href":"https:\/\/oxejalsa.com\/index.php\/wp-json\/wp\/v2\/product_cat?post=989"},{"taxonomy":"product_tag","embeddable":true,"href":"https:\/\/oxejalsa.com\/index.php\/wp-json\/wp\/v2\/product_tag?post=989"}],"curies":[{"name":"wp","href":"https:\/\/api.w.org\/{rel}","templated":true}]}}