{"id":931,"date":"2020-02-27T11:11:25","date_gmt":"2020-02-27T17:11:25","guid":{"rendered":"http:\/\/oxejalsa.com\/?post_type=product&#038;p=931"},"modified":"2021-04-09T14:34:06","modified_gmt":"2021-04-09T20:34:06","slug":"skyview-650-n","status":"publish","type":"product","link":"https:\/\/oxejalsa.com\/index.php\/product\/skyview-650-n\/","title":{"rendered":"SKYVIEW 650 N SWEISS"},"content":{"rendered":"<div class=\"sub_title_single\"><strong>Seguridad, comodidad y resistencia.<\/strong><\/div>\n<div class=\"cont_id_single\">\n<div class=\"item_d_sgl id_sgl1\">4 sensores<\/div>\n<div class=\"item_d_sgl id_sgl1\">Regulaci\u00f3n DIN 9 &#8211; 13<\/div>\n<div class=\"item_d_sgl id_sgl1\">Funci\u00f3n pulidora<\/div>\n<\/div>\n<div>\n<div class=\"panel panel-default\">\n<div id=\"heading1\" class=\"panel-heading active\" role=\"tab\">\n<div><\/div>\n<div class=\"mayus\"><strong>PRINCIPALES CARACTER\u00cdSTICAS<\/strong><\/div>\n<\/div>\n<div id=\"collaps1\" class=\"panel-collapse collapse in\" role=\"tabpanel\" aria-labelledby=\"heading1\" aria-expanded=\"true\">\n<div class=\"panel-body\">\n<ul>\n<li>Amplia y excelente <strong>calidad de visi\u00f3n.<\/strong><\/li>\n<li><strong>Nylon ultra flexible<\/strong>, reforzado con fibra de vidrio.<\/li>\n<li>Doble alimentaci\u00f3n; <strong>Solar y Li Cel<\/strong>, bater\u00eda intercambiable.<\/li>\n<li><strong>Arn\u00e9s de alto confort<\/strong> con cuatro puntos de soporte, con doble soporte superior ajustable para una mayor sensibilidad.<\/li>\n<\/ul>\n<\/div>\n<\/div>\n<\/div>\n<\/div>\n","protected":false},"excerpt":{"rendered":"<p>La careta SKYVIEW 650 N, ofrece la mejor calidad de visi\u00f3n en todos los procesos, ya sea <strong>MMA, MIG o TIG.<\/strong> Incorpora una pel\u00edcula de regulaci\u00f3n, tanto para el grado de oscuridad DIN, como para la selecci\u00f3n del modo pulidora (<strong>GRINDING<\/strong>). Permite la regulaci\u00f3n microm\u00e9trica de la sensibilidad y el retardo de estado oscuro a claro.<\/p>\n","protected":false},"featured_media":994,"comment_status":"open","ping_status":"closed","template":"","meta":{"_acf_changed":false},"product_brand":[],"product_cat":[32,33],"product_tag":[],"class_list":{"0":"post-931","1":"product","2":"type-product","3":"status-publish","4":"has-post-thumbnail","6":"product_cat-caretas-electronicas","7":"product_cat-seguridad-industrial","9":"first","10":"instock","11":"shipping-taxable","12":"product-type-simple"},"acf":[],"jetpack_sharing_enabled":true,"_links":{"self":[{"href":"https:\/\/oxejalsa.com\/index.php\/wp-json\/wp\/v2\/product\/931","targetHints":{"allow":["GET"]}}],"collection":[{"href":"https:\/\/oxejalsa.com\/index.php\/wp-json\/wp\/v2\/product"}],"about":[{"href":"https:\/\/oxejalsa.com\/index.php\/wp-json\/wp\/v2\/types\/product"}],"replies":[{"embeddable":true,"href":"https:\/\/oxejalsa.com\/index.php\/wp-json\/wp\/v2\/comments?post=931"}],"wp:featuredmedia":[{"embeddable":true,"href":"https:\/\/oxejalsa.com\/index.php\/wp-json\/wp\/v2\/media\/994"}],"wp:attachment":[{"href":"https:\/\/oxejalsa.com\/index.php\/wp-json\/wp\/v2\/media?parent=931"}],"wp:term":[{"taxonomy":"product_brand","embeddable":true,"href":"https:\/\/oxejalsa.com\/index.php\/wp-json\/wp\/v2\/product_brand?post=931"},{"taxonomy":"product_cat","embeddable":true,"href":"https:\/\/oxejalsa.com\/index.php\/wp-json\/wp\/v2\/product_cat?post=931"},{"taxonomy":"product_tag","embeddable":true,"href":"https:\/\/oxejalsa.com\/index.php\/wp-json\/wp\/v2\/product_tag?post=931"}],"curies":[{"name":"wp","href":"https:\/\/api.w.org\/{rel}","templated":true}]}}