{"id":922,"date":"2020-02-26T11:36:42","date_gmt":"2020-02-26T17:36:42","guid":{"rendered":"http:\/\/oxejalsa.com\/?post_type=product&#038;p=922"},"modified":"2021-03-18T13:42:13","modified_gmt":"2021-03-18T19:42:13","slug":"skyworks-2550","status":"publish","type":"product","link":"https:\/\/oxejalsa.com\/index.php\/product\/skyworks-2550\/","title":{"rendered":"SKYWORKS 2550 SWEISS"},"content":{"rendered":"<p>Su contenido, peso y tama\u00f1o, junto con las mejores prestaciones en el mercado lo hacen ideal para cualquier mantenimiento o taller, incorpora <strong>ULTRA POWER y AFS.<\/strong> Excelentes resultados en todos los procesos gracias a la m\u00e1s avanzada tecnolog\u00eda y a su excelente control sin\u00e9rgico y Burn back regulable. (<strong>Bobina de 15 Kg<\/strong>). Permite soldar todo tipo de materiales en MIG, con gas o sin gas, en TIG DC y en todo tipo de electrodos: <strong>6013, 7018, SS.<\/strong><\/p>\n<p>Conexi\u00f3n \/ connection 95 &#8211; 270V<br \/>\n250 Amp<\/p>\n<p>MIG MAG<br \/>\nMMA<br \/>\nTIG<\/p>\n","protected":false},"excerpt":{"rendered":"<p><strong>PRINCIPALES CARACTER\u00cdSTICAS<\/strong><br \/>\n-Facilita el INICIO del arco, precalentando el electrodo.<br \/>\n-Mejora la ESTABILIDAD DEL ARCO y evita que el electrodo se pegue.<br \/>\n-Si el electrodo se pega, el equipo detiene la potencia para que se pueda despegar f\u00e1cilmente.<br \/>\n-Facilita el INICIO del ARCO en TIG, sin contaminaci\u00f3n del tungsteno.<br \/>\n-La \u00faltima tecnolog\u00eda resonante con microprocesador para ofrecer el MEJOR ARCO.<br \/>\n-Tecnolog\u00eda \u00fanica de SWEISS, que permite la conexi\u00f3n el\u00e9ctrica a 95 \u2013 270V, ahorrando un 40% de energ\u00eda el\u00e9ctrica, permitiendo ser conectado a generadores un 30% menos potentes.<\/p>\n","protected":false},"featured_media":959,"comment_status":"open","ping_status":"closed","template":"","meta":{"_acf_changed":false},"product_brand":[],"product_cat":[21],"product_tag":[],"class_list":{"0":"post-922","1":"product","2":"type-product","3":"status-publish","4":"has-post-thumbnail","6":"product_cat-maquinas","8":"first","9":"instock","10":"shipping-taxable","11":"product-type-simple"},"acf":[],"jetpack_sharing_enabled":true,"_links":{"self":[{"href":"https:\/\/oxejalsa.com\/index.php\/wp-json\/wp\/v2\/product\/922","targetHints":{"allow":["GET"]}}],"collection":[{"href":"https:\/\/oxejalsa.com\/index.php\/wp-json\/wp\/v2\/product"}],"about":[{"href":"https:\/\/oxejalsa.com\/index.php\/wp-json\/wp\/v2\/types\/product"}],"replies":[{"embeddable":true,"href":"https:\/\/oxejalsa.com\/index.php\/wp-json\/wp\/v2\/comments?post=922"}],"wp:featuredmedia":[{"embeddable":true,"href":"https:\/\/oxejalsa.com\/index.php\/wp-json\/wp\/v2\/media\/959"}],"wp:attachment":[{"href":"https:\/\/oxejalsa.com\/index.php\/wp-json\/wp\/v2\/media?parent=922"}],"wp:term":[{"taxonomy":"product_brand","embeddable":true,"href":"https:\/\/oxejalsa.com\/index.php\/wp-json\/wp\/v2\/product_brand?post=922"},{"taxonomy":"product_cat","embeddable":true,"href":"https:\/\/oxejalsa.com\/index.php\/wp-json\/wp\/v2\/product_cat?post=922"},{"taxonomy":"product_tag","embeddable":true,"href":"https:\/\/oxejalsa.com\/index.php\/wp-json\/wp\/v2\/product_tag?post=922"}],"curies":[{"name":"wp","href":"https:\/\/api.w.org\/{rel}","templated":true}]}}