{"id":916,"date":"2020-02-26T10:44:03","date_gmt":"2020-02-26T16:44:03","guid":{"rendered":"http:\/\/oxejalsa.com\/?post_type=product&#038;p=916"},"modified":"2021-08-26T12:41:58","modified_gmt":"2021-08-26T18:41:58","slug":"skyarc-2055fx","status":"publish","type":"product","link":"https:\/\/oxejalsa.com\/index.php\/product\/skyarc-2055fx\/","title":{"rendered":"SKYARC 2055FX SWEISS"},"content":{"rendered":"<p>Un equipo dise\u00f1ado para dar los mejores resultados en el uso diario, con un excelente ARCO. Excelente calidad de soldadura en todo tipo de electrodos. 6013, 7018, 6010, 6011, SS \u2026 Todo ello con las ventajas de las series SKY, peso liviano, con un ciclo de trabajo alto.<\/p>\n","protected":false},"excerpt":{"rendered":"<p>Inversor Arc-2050; 200amp; 110\/220v (SWA2052).<\/p>\n<p>Tipo de soldadora: Electrodos<br \/>\nAmperaje m\u00ednimo: 10 Amp<br \/>\nAmperaje m\u00e1ximo: 200 Amp<br \/>\nFases el\u00e9ctricas: Monof\u00e1sica y bif\u00e1sica<br \/>\nPeso: 10.47 kg<br \/>\nLargo: 51.5 cm<br \/>\nAncho: 21 cm<br \/>\nAlto: 34.5 cm<br \/>\nExcelencia en equipos 1 Fase.<br \/>\nTecnolog\u00eda Ultra power, conectable a cualquier punto de la red el\u00e9ctrica desde 95V hasta 270V.<br \/>\n30% m\u00e1s de potencia con un ahorra energ\u00e9tico del 40%.<br \/>\nPeso liviano, ideal para transportar.<br \/>\nVentilaci\u00f3n Autom\u00e1tica (Ultra Cold).<br \/>\nHMI con pantalla LCD retro iluminada.<br \/>\nConectores r\u00e1pidos.<br \/>\nAlarma de sobrecalentamiento.<br \/>\nAdmite extensi\u00f3n de 150 m sin p\u00e9rdida de potencia.<br \/>\nCalidad de ARCO excelente.<br \/>\nMejor desempe\u00f1o en Tig.<br \/>\nMMA, TIG LIFT ARC.<br \/>\nDispone de la siguiente tecnolog\u00eda:<br \/>\nHot Start: Facilita el cebado del Arco.<br \/>\nAnti Stick: Si el electrodo se pega, se detiene la potencia para que se pueda despegar f\u00e1cilmente.<br \/>\nTig lift arc: Facilita el cebado del arco sin contaminaci\u00f3n de tungsteno.<br \/>\nArc force: Mejora la estabilidad del arco.<br \/>\n3 A\u00f1os de Garant\u00eda SWEISS<\/p>\n<p>Este equipo puede soldar con proceso Tig, NO incluye los accesorios para ello.<\/p>\n<p>INCLUYE<\/p>\n<p>-Pinza de tierra<br \/>\n-Porta electrodo<\/p>\n","protected":false},"featured_media":1420,"comment_status":"open","ping_status":"closed","template":"","meta":{"_acf_changed":false},"product_brand":[],"product_cat":[21],"product_tag":[],"class_list":{"0":"post-916","1":"product","2":"type-product","3":"status-publish","4":"has-post-thumbnail","6":"product_cat-maquinas","8":"first","9":"instock","10":"shipping-taxable","11":"product-type-simple"},"acf":[],"jetpack_sharing_enabled":true,"_links":{"self":[{"href":"https:\/\/oxejalsa.com\/index.php\/wp-json\/wp\/v2\/product\/916","targetHints":{"allow":["GET"]}}],"collection":[{"href":"https:\/\/oxejalsa.com\/index.php\/wp-json\/wp\/v2\/product"}],"about":[{"href":"https:\/\/oxejalsa.com\/index.php\/wp-json\/wp\/v2\/types\/product"}],"replies":[{"embeddable":true,"href":"https:\/\/oxejalsa.com\/index.php\/wp-json\/wp\/v2\/comments?post=916"}],"wp:featuredmedia":[{"embeddable":true,"href":"https:\/\/oxejalsa.com\/index.php\/wp-json\/wp\/v2\/media\/1420"}],"wp:attachment":[{"href":"https:\/\/oxejalsa.com\/index.php\/wp-json\/wp\/v2\/media?parent=916"}],"wp:term":[{"taxonomy":"product_brand","embeddable":true,"href":"https:\/\/oxejalsa.com\/index.php\/wp-json\/wp\/v2\/product_brand?post=916"},{"taxonomy":"product_cat","embeddable":true,"href":"https:\/\/oxejalsa.com\/index.php\/wp-json\/wp\/v2\/product_cat?post=916"},{"taxonomy":"product_tag","embeddable":true,"href":"https:\/\/oxejalsa.com\/index.php\/wp-json\/wp\/v2\/product_tag?post=916"}],"curies":[{"name":"wp","href":"https:\/\/api.w.org\/{rel}","templated":true}]}}