{"id":875,"date":"2019-08-12T16:04:41","date_gmt":"2019-08-12T22:04:41","guid":{"rendered":"http:\/\/oxejalsa.com\/?post_type=product&#038;p=875"},"modified":"2021-08-23T16:49:26","modified_gmt":"2021-08-23T22:49:26","slug":"arctron-160-infra","status":"publish","type":"product","link":"https:\/\/oxejalsa.com\/index.php\/product\/arctron-160-infra\/","title":{"rendered":"ARCTRON 160 INFRA"},"content":{"rendered":"<p>EQUIPO DE SOLDAR TIPO INVERSOR ARCTRON 160<\/p>\n<p>VOLTAJE DE ENTREGA: 110\/220<\/p>\n<p>110 @ 120 AMPS \/ 220 @ 160 AMPS<\/p>\n<p>PROCESO: ELECTRODO \/ TIG<\/p>\n<p>CORRIENTE DIRECTA<\/p>\n<p>1 A\u00d1O DE GARANT\u00cdA<\/p>\n<p>INCLUYE: JUEGO DE CABLES PORTA ELECTRODOS Y PINZA DE TIERRA<\/p>\n<p><a href=\"https:\/\/grupoinfra.com\/img\/productos\/fichas\/ARCTRON%20160%20ficha%20tecnica.pdf\">FICHA T\u00c9CNICA<\/a><\/p>\n","protected":false},"excerpt":{"rendered":"<p>EQUIPO DE SOLDAR TIPO INVERSOR ARCTRON 160 VOLTAJE DE ENTREGA: 110\/220 110 @ 120 AMPS \/ 220 @ 160 AMPS PROCESO: ELECTRODO \/ TIG CORRIENTE DIRECTA 1 A\u00d1O DE GARANT\u00cdA INCLUYE: JUEGO DE CABLES PORTA ELECTRODOS Y PINZA DE TIERRA FICHA T\u00c9CNICA<\/p>\n","protected":false},"featured_media":883,"comment_status":"open","ping_status":"closed","template":"","meta":{"_acf_changed":false},"product_brand":[],"product_cat":[21],"product_tag":[],"class_list":{"0":"post-875","1":"product","2":"type-product","3":"status-publish","4":"has-post-thumbnail","6":"product_cat-maquinas","8":"first","9":"instock","10":"shipping-taxable","11":"product-type-simple"},"acf":[],"jetpack_sharing_enabled":true,"_links":{"self":[{"href":"https:\/\/oxejalsa.com\/index.php\/wp-json\/wp\/v2\/product\/875","targetHints":{"allow":["GET"]}}],"collection":[{"href":"https:\/\/oxejalsa.com\/index.php\/wp-json\/wp\/v2\/product"}],"about":[{"href":"https:\/\/oxejalsa.com\/index.php\/wp-json\/wp\/v2\/types\/product"}],"replies":[{"embeddable":true,"href":"https:\/\/oxejalsa.com\/index.php\/wp-json\/wp\/v2\/comments?post=875"}],"wp:featuredmedia":[{"embeddable":true,"href":"https:\/\/oxejalsa.com\/index.php\/wp-json\/wp\/v2\/media\/883"}],"wp:attachment":[{"href":"https:\/\/oxejalsa.com\/index.php\/wp-json\/wp\/v2\/media?parent=875"}],"wp:term":[{"taxonomy":"product_brand","embeddable":true,"href":"https:\/\/oxejalsa.com\/index.php\/wp-json\/wp\/v2\/product_brand?post=875"},{"taxonomy":"product_cat","embeddable":true,"href":"https:\/\/oxejalsa.com\/index.php\/wp-json\/wp\/v2\/product_cat?post=875"},{"taxonomy":"product_tag","embeddable":true,"href":"https:\/\/oxejalsa.com\/index.php\/wp-json\/wp\/v2\/product_tag?post=875"}],"curies":[{"name":"wp","href":"https:\/\/api.w.org\/{rel}","templated":true}]}}