{"id":775,"date":"2019-02-22T16:45:36","date_gmt":"2019-02-22T22:45:36","guid":{"rendered":"http:\/\/oxejalsa.com\/?post_type=product&#038;p=775"},"modified":"2022-06-16T16:50:50","modified_gmt":"2022-06-16T22:50:50","slug":"syncrowave-250-dx-350-lx","status":"publish","type":"product","link":"https:\/\/oxejalsa.com\/index.php\/product\/syncrowave-250-dx-350-lx\/","title":{"rendered":"Syncrowave\u00ae 300 MILLER"},"content":{"rendered":"<p>Equipo de soldar especializado para fabricaci\u00f3n de alta productividad, equipo para soldar con TIG para materiales en aluminio con arco por alta frecuencia, inoxidable con alta frecuencia.\u00a0 El equipo Syncrowave 300 tiene la mejor eficiencia para una producci\u00f3n mas sencilla para cualquier operador o soldar de TIG.<\/p>\n<p>&nbsp;<\/p>\n","protected":false},"excerpt":{"rendered":"<p>M\u00e1quina de soldar proceso TIG \/ STICK<\/p>\n<p>Equipo especialmente recomendado para soldar Aluminio, acero inoxidable, aunque tambien puede soldar acero al carb\u00f3n. Todo esto en proceso TIG (arg\u00f3n). Equipo el cual nos ofrece regulaci\u00f3n de amperaje por medio de control remoto ya sea de pedal o de mano. Unico en su tama\u00f1o, especial para trabajos de soldadura de fabricaci\u00f3n en serie, trabajos de alta de demanda en proceso TIG.<\/p>\n<p>ACCESORIOS DISPONIBLES: Control remoto de amperaje de pie\/mano, cable de pinza de tierra, antorcha enfriada por agua, recirculador coolmate el cual nos protege el calentamiento de la antorcha.<\/p>\n<p><a href=\"https:\/\/www.millerwelds.com\/-\/media\/miller-electric\/import\/specsheets\/file\/ad428-syncrowave-400--english.pdf\">SYNCROWAVE FICHA TECNICA<\/a><\/p>\n","protected":false},"featured_media":1833,"comment_status":"open","ping_status":"closed","template":"","meta":{"_acf_changed":false},"product_brand":[],"product_cat":[21],"product_tag":[34],"class_list":{"0":"post-775","1":"product","2":"type-product","3":"status-publish","4":"has-post-thumbnail","6":"product_cat-maquinas","7":"product_tag-syncrowave","9":"first","10":"instock","11":"shipping-taxable","12":"product-type-simple"},"acf":[],"jetpack_sharing_enabled":true,"_links":{"self":[{"href":"https:\/\/oxejalsa.com\/index.php\/wp-json\/wp\/v2\/product\/775","targetHints":{"allow":["GET"]}}],"collection":[{"href":"https:\/\/oxejalsa.com\/index.php\/wp-json\/wp\/v2\/product"}],"about":[{"href":"https:\/\/oxejalsa.com\/index.php\/wp-json\/wp\/v2\/types\/product"}],"replies":[{"embeddable":true,"href":"https:\/\/oxejalsa.com\/index.php\/wp-json\/wp\/v2\/comments?post=775"}],"wp:featuredmedia":[{"embeddable":true,"href":"https:\/\/oxejalsa.com\/index.php\/wp-json\/wp\/v2\/media\/1833"}],"wp:attachment":[{"href":"https:\/\/oxejalsa.com\/index.php\/wp-json\/wp\/v2\/media?parent=775"}],"wp:term":[{"taxonomy":"product_brand","embeddable":true,"href":"https:\/\/oxejalsa.com\/index.php\/wp-json\/wp\/v2\/product_brand?post=775"},{"taxonomy":"product_cat","embeddable":true,"href":"https:\/\/oxejalsa.com\/index.php\/wp-json\/wp\/v2\/product_cat?post=775"},{"taxonomy":"product_tag","embeddable":true,"href":"https:\/\/oxejalsa.com\/index.php\/wp-json\/wp\/v2\/product_tag?post=775"}],"curies":[{"name":"wp","href":"https:\/\/api.w.org\/{rel}","templated":true}]}}