{"id":728,"date":"2018-09-27T11:32:31","date_gmt":"2018-09-27T17:32:31","guid":{"rendered":"http:\/\/dummy.oxejalsa.com.mx\/?post_type=product&#038;p=728"},"modified":"2021-08-17T13:14:53","modified_gmt":"2021-08-17T19:14:53","slug":"easy-mig-140","status":"publish","type":"product","link":"https:\/\/oxejalsa.com\/index.php\/product\/easy-mig-140\/","title":{"rendered":"EASY MIG \u2122 140"},"content":{"rendered":"","protected":false},"excerpt":{"rendered":"<p>Caracter\u00edsticas Superiores<br \/>\nSistema de alimentaci\u00f3n de alambre totalmente ajustable que reduce la posibilidad de enredo del alambre y aplastamiento.<br \/>\nConexi\u00f3n de la pistola Brass-to-Brass que mejora la conductividad el\u00e9ctrica.<br \/>\nCaja de engranajes de aluminio fundido duradero, proporciona un torque de mejor desempe\u00f1o y una operaci\u00f3n m\u00e1s silenciosa.<br \/>\nSu indicador num\u00e9rico de tensi\u00f3n identifica f\u00e1cilmente el rango m\u00e1s \u00f3ptimo para diferentes di\u00e1metros de alambre.<br \/>\nSu arco hace que el marcado sea f\u00e1cil en su aplicaci\u00f3n.<\/p>\n<p>Potencia de Entrada: 120 volts<\/p>\n<p>Procesos<br \/>\nAlambre Tubular, MIG<\/p>\n","protected":false},"featured_media":729,"comment_status":"open","ping_status":"closed","template":"","meta":{"_acf_changed":false},"product_brand":[],"product_cat":[21],"product_tag":[],"class_list":{"0":"post-728","1":"product","2":"type-product","3":"status-publish","4":"has-post-thumbnail","6":"product_cat-maquinas","8":"first","9":"instock","10":"shipping-taxable","11":"product-type-simple"},"acf":[],"jetpack_sharing_enabled":true,"_links":{"self":[{"href":"https:\/\/oxejalsa.com\/index.php\/wp-json\/wp\/v2\/product\/728","targetHints":{"allow":["GET"]}}],"collection":[{"href":"https:\/\/oxejalsa.com\/index.php\/wp-json\/wp\/v2\/product"}],"about":[{"href":"https:\/\/oxejalsa.com\/index.php\/wp-json\/wp\/v2\/types\/product"}],"replies":[{"embeddable":true,"href":"https:\/\/oxejalsa.com\/index.php\/wp-json\/wp\/v2\/comments?post=728"}],"wp:featuredmedia":[{"embeddable":true,"href":"https:\/\/oxejalsa.com\/index.php\/wp-json\/wp\/v2\/media\/729"}],"wp:attachment":[{"href":"https:\/\/oxejalsa.com\/index.php\/wp-json\/wp\/v2\/media?parent=728"}],"wp:term":[{"taxonomy":"product_brand","embeddable":true,"href":"https:\/\/oxejalsa.com\/index.php\/wp-json\/wp\/v2\/product_brand?post=728"},{"taxonomy":"product_cat","embeddable":true,"href":"https:\/\/oxejalsa.com\/index.php\/wp-json\/wp\/v2\/product_cat?post=728"},{"taxonomy":"product_tag","embeddable":true,"href":"https:\/\/oxejalsa.com\/index.php\/wp-json\/wp\/v2\/product_tag?post=728"}],"curies":[{"name":"wp","href":"https:\/\/api.w.org\/{rel}","templated":true}]}}