{"id":644,"date":"2018-07-16T14:00:34","date_gmt":"2018-07-16T20:00:34","guid":{"rendered":"http:\/\/dummy.oxejalsa.com.mx\/?post_type=product&#038;p=644"},"modified":"2022-07-07T15:49:42","modified_gmt":"2022-07-07T21:49:42","slug":"micro-alambre-4043-aluminio","status":"publish","type":"product","link":"https:\/\/oxejalsa.com\/index.php\/product\/micro-alambre-4043-aluminio\/","title":{"rendered":"MICRO ALAMBRE 4043 ALUMINIO"},"content":{"rendered":"","protected":false},"excerpt":{"rendered":"<p>El micro alambre ER4043 Aluminio al silicio DC-(Polaridad Invertida), usos generales toda posici\u00f3n, uso CON GAS ARGON 100%, o mezcla Helio-Arg\u00f3n,  excelente fluidez en el dep\u00f3sito, soldadura menos sensible a grietas, resistente, ideal para soldar<br \/>\naluminio laminado y sus aleaciones.<br \/>\nMedidas:<br \/>\n.035 4043<br \/>\n3\/64 4043<\/p>\n","protected":false},"featured_media":645,"comment_status":"open","ping_status":"closed","template":"","meta":{"_acf_changed":false},"product_brand":[],"product_cat":[20],"product_tag":[],"class_list":{"0":"post-644","1":"product","2":"type-product","3":"status-publish","4":"has-post-thumbnail","6":"product_cat-soldaduras","8":"first","9":"instock","10":"shipping-taxable","11":"product-type-simple"},"acf":[],"jetpack_sharing_enabled":true,"_links":{"self":[{"href":"https:\/\/oxejalsa.com\/index.php\/wp-json\/wp\/v2\/product\/644","targetHints":{"allow":["GET"]}}],"collection":[{"href":"https:\/\/oxejalsa.com\/index.php\/wp-json\/wp\/v2\/product"}],"about":[{"href":"https:\/\/oxejalsa.com\/index.php\/wp-json\/wp\/v2\/types\/product"}],"replies":[{"embeddable":true,"href":"https:\/\/oxejalsa.com\/index.php\/wp-json\/wp\/v2\/comments?post=644"}],"wp:featuredmedia":[{"embeddable":true,"href":"https:\/\/oxejalsa.com\/index.php\/wp-json\/wp\/v2\/media\/645"}],"wp:attachment":[{"href":"https:\/\/oxejalsa.com\/index.php\/wp-json\/wp\/v2\/media?parent=644"}],"wp:term":[{"taxonomy":"product_brand","embeddable":true,"href":"https:\/\/oxejalsa.com\/index.php\/wp-json\/wp\/v2\/product_brand?post=644"},{"taxonomy":"product_cat","embeddable":true,"href":"https:\/\/oxejalsa.com\/index.php\/wp-json\/wp\/v2\/product_cat?post=644"},{"taxonomy":"product_tag","embeddable":true,"href":"https:\/\/oxejalsa.com\/index.php\/wp-json\/wp\/v2\/product_tag?post=644"}],"curies":[{"name":"wp","href":"https:\/\/api.w.org\/{rel}","templated":true}]}}