{"id":640,"date":"2018-07-16T13:09:47","date_gmt":"2018-07-16T19:09:47","guid":{"rendered":"http:\/\/dummy.oxejalsa.com.mx\/?post_type=product&#038;p=640"},"modified":"2020-04-29T11:51:03","modified_gmt":"2020-04-29T17:51:03","slug":"micro-alambre-tubular-sin-gas-er71t-1","status":"publish","type":"product","link":"https:\/\/oxejalsa.com\/index.php\/product\/micro-alambre-tubular-sin-gas-er71t-1\/","title":{"rendered":"MICRO ALAMBRE TUBULAR SIN GAS ER71T-1"},"content":{"rendered":"","protected":false},"excerpt":{"rendered":"<p>Micro alambre auto protegido tubular sin gas para soldar acero al carb\u00f3n<br \/>\nPresentaciones:<br \/>\n.035 pulgadas (1.0 mm) en 4.5 kg<br \/>\n.035 pugladas (1.0 mm) en 1 kg<\/p>\n<p>El micro alambre E71T-GS (AWS A5.20) DC+ (Polaridad directa) con n\u00facleo fundente SIN GAS, toda posici\u00f3n, ideal para las peque\u00f1as m\u00e1quinas de soldadura en  110 voltios port\u00e1tiles, ofreciendo un arco suave con muy poca salpicadura.<\/p>\n","protected":false},"featured_media":647,"comment_status":"open","ping_status":"closed","template":"","meta":{"_acf_changed":false},"product_brand":[],"product_cat":[20],"product_tag":[],"class_list":{"0":"post-640","1":"product","2":"type-product","3":"status-publish","4":"has-post-thumbnail","6":"product_cat-soldaduras","8":"first","9":"instock","10":"shipping-taxable","11":"product-type-simple"},"acf":[],"jetpack_sharing_enabled":true,"_links":{"self":[{"href":"https:\/\/oxejalsa.com\/index.php\/wp-json\/wp\/v2\/product\/640","targetHints":{"allow":["GET"]}}],"collection":[{"href":"https:\/\/oxejalsa.com\/index.php\/wp-json\/wp\/v2\/product"}],"about":[{"href":"https:\/\/oxejalsa.com\/index.php\/wp-json\/wp\/v2\/types\/product"}],"replies":[{"embeddable":true,"href":"https:\/\/oxejalsa.com\/index.php\/wp-json\/wp\/v2\/comments?post=640"}],"wp:featuredmedia":[{"embeddable":true,"href":"https:\/\/oxejalsa.com\/index.php\/wp-json\/wp\/v2\/media\/647"}],"wp:attachment":[{"href":"https:\/\/oxejalsa.com\/index.php\/wp-json\/wp\/v2\/media?parent=640"}],"wp:term":[{"taxonomy":"product_brand","embeddable":true,"href":"https:\/\/oxejalsa.com\/index.php\/wp-json\/wp\/v2\/product_brand?post=640"},{"taxonomy":"product_cat","embeddable":true,"href":"https:\/\/oxejalsa.com\/index.php\/wp-json\/wp\/v2\/product_cat?post=640"},{"taxonomy":"product_tag","embeddable":true,"href":"https:\/\/oxejalsa.com\/index.php\/wp-json\/wp\/v2\/product_tag?post=640"}],"curies":[{"name":"wp","href":"https:\/\/api.w.org\/{rel}","templated":true}]}}