{"id":612,"date":"2018-07-13T15:00:06","date_gmt":"2018-07-13T21:00:06","guid":{"rendered":"http:\/\/dummy.oxejalsa.com.mx\/?post_type=product&#038;p=612"},"modified":"2022-06-06T22:10:37","modified_gmt":"2022-06-07T04:10:37","slug":"millermatic-252-soldadoramicroalambre","status":"publish","type":"product","link":"https:\/\/oxejalsa.com\/index.php\/product\/millermatic-252-soldadoramicroalambre\/","title":{"rendered":"Millermatic\u00ae 252 SOLDADORA MICROALAMBRE"},"content":{"rendered":"<div class=\"page\" title=\"Page 1\">\n<div class=\"layoutArea\">\n<div class=\"column\">\n<p>M\u00e1quina Soldadora Millermatic 252<\/p>\n<p><strong>Aplicaciones Industriales<\/strong><\/p>\n<p>Fabricaci\u00f3n de metal Mantenimiento y reparaci\u00f3n Hacienda, casa\u00a0Industria ligera.<\/p>\n<div class=\"page\" title=\"Page 1\">\n<div class=\"layoutArea\">\n<div class=\"column\">\n<p><strong>Procesos<\/strong><\/p>\n<p>MIG (GMAW) Alambre tubular con<\/p>\n<p>fundente (FCAW)<\/p>\n<p><strong>Potencia de entrada<\/strong><\/p>\n<p>200(208)\/230 V 230\/460\/575 V<\/p>\n<div class=\"page\" title=\"Page 1\">\n<div class=\"layoutArea\">\n<div class=\"column\">\n<p><strong>Salida nominal de corriente<\/strong><\/p>\n<p>200 A a 28 VCD, 60% de ciclo de trabajo<\/p>\n<p>250 A a 28 VCD, 40% de ciclo de trabajo<\/p>\n<p>M\u00e1ximo Voltaje de circuito abierto 38<\/p>\n<p>Gama de amperaje 30\u2013300A<\/p>\n<\/div>\n<\/div>\n<\/div>\n<p>Peso: 94 Kg<\/p>\n<\/div>\n<\/div>\n<\/div>\n<\/div>\n<\/div>\n<\/div>\n<p>PRECIO INCLUYE IVA<\/p>\n<p>INCLUYE ACCESORIOS<\/p>\n<p>&nbsp;<\/p>\n<p>&nbsp;<\/p>\n<p><a href=\"http:\/\/dummy.oxejalsa.com.mx\/wp-content\/uploads\/2018\/07\/MILLERMATIC-252.pdf\">MILLERMATIC 252<\/a><\/p>\n","protected":false},"excerpt":{"rendered":"<p>M\u00e1quina de soldar microalambre Miller. Equipo con la mejor calidad en el mercado en cuanto a proceso MIG se refiere en su tama\u00f1o. Millermatic 252 mantiene uno de los arcos mas estables en el mercado, ofreci\u00e9ndole un chisporroteo m\u00ednimo lo cual hace que realice los trabajos mas exigentes.<\/p>\n","protected":false},"featured_media":1581,"comment_status":"open","ping_status":"closed","template":"","meta":{"_acf_changed":false},"product_brand":[],"product_cat":[21],"product_tag":[],"class_list":{"0":"post-612","1":"product","2":"type-product","3":"status-publish","4":"has-post-thumbnail","6":"product_cat-maquinas","8":"first","9":"instock","10":"shipping-taxable","11":"product-type-simple"},"acf":[],"jetpack_sharing_enabled":true,"_links":{"self":[{"href":"https:\/\/oxejalsa.com\/index.php\/wp-json\/wp\/v2\/product\/612","targetHints":{"allow":["GET"]}}],"collection":[{"href":"https:\/\/oxejalsa.com\/index.php\/wp-json\/wp\/v2\/product"}],"about":[{"href":"https:\/\/oxejalsa.com\/index.php\/wp-json\/wp\/v2\/types\/product"}],"replies":[{"embeddable":true,"href":"https:\/\/oxejalsa.com\/index.php\/wp-json\/wp\/v2\/comments?post=612"}],"wp:featuredmedia":[{"embeddable":true,"href":"https:\/\/oxejalsa.com\/index.php\/wp-json\/wp\/v2\/media\/1581"}],"wp:attachment":[{"href":"https:\/\/oxejalsa.com\/index.php\/wp-json\/wp\/v2\/media?parent=612"}],"wp:term":[{"taxonomy":"product_brand","embeddable":true,"href":"https:\/\/oxejalsa.com\/index.php\/wp-json\/wp\/v2\/product_brand?post=612"},{"taxonomy":"product_cat","embeddable":true,"href":"https:\/\/oxejalsa.com\/index.php\/wp-json\/wp\/v2\/product_cat?post=612"},{"taxonomy":"product_tag","embeddable":true,"href":"https:\/\/oxejalsa.com\/index.php\/wp-json\/wp\/v2\/product_tag?post=612"}],"curies":[{"name":"wp","href":"https:\/\/api.w.org\/{rel}","templated":true}]}}