{"id":581,"date":"2018-07-13T10:46:52","date_gmt":"2018-07-13T16:46:52","guid":{"rendered":"http:\/\/dummy.oxejalsa.com.mx\/?post_type=product&#038;p=581"},"modified":"2021-09-21T10:43:07","modified_gmt":"2021-09-21T16:43:07","slug":"digital-performance-blue-rage","status":"publish","type":"product","link":"https:\/\/oxejalsa.com\/index.php\/product\/digital-performance-blue-rage\/","title":{"rendered":"Digital Performance\u2122, Blue Rage\u2122"},"content":{"rendered":"<p><img loading=\"lazy\" decoding=\"async\" src=\"http:\/\/dummy.oxejalsa.com.mx\/wp-content\/uploads\/2018\/07\/Infinity_DigitalControl-2-300x300.jpg\" alt=\"\" width=\"300\" height=\"300\" class=\"alignnone size-medium wp-image-579\" srcset=\"https:\/\/oxejalsa.com\/wp-content\/uploads\/2018\/07\/Infinity_DigitalControl-2-300x300.jpg 300w, https:\/\/oxejalsa.com\/wp-content\/uploads\/2018\/07\/Infinity_DigitalControl-2-346x346.jpg 346w, https:\/\/oxejalsa.com\/wp-content\/uploads\/2018\/07\/Infinity_DigitalControl-2-100x100.jpg 100w, https:\/\/oxejalsa.com\/wp-content\/uploads\/2018\/07\/Infinity_DigitalControl-2-416x416.jpg 416w, https:\/\/oxejalsa.com\/wp-content\/uploads\/2018\/07\/Infinity_DigitalControl-2-150x150.jpg 150w, https:\/\/oxejalsa.com\/wp-content\/uploads\/2018\/07\/Infinity_DigitalControl-2-324x324.jpg 324w, https:\/\/oxejalsa.com\/wp-content\/uploads\/2018\/07\/Infinity_DigitalControl-2.jpg 445w\" sizes=\"auto, (max-width: 300px) 100vw, 300px\" \/><img loading=\"lazy\" decoding=\"async\" src=\"http:\/\/dummy.oxejalsa.com.mx\/wp-content\/uploads\/2018\/07\/Infinity_Helmet_HeadGear_SUspensionPad-300x300.jpg\" alt=\"\" width=\"300\" height=\"300\" class=\"alignnone size-medium wp-image-577\" srcset=\"https:\/\/oxejalsa.com\/wp-content\/uploads\/2018\/07\/Infinity_Helmet_HeadGear_SUspensionPad-300x300.jpg 300w, https:\/\/oxejalsa.com\/wp-content\/uploads\/2018\/07\/Infinity_Helmet_HeadGear_SUspensionPad-346x346.jpg 346w, https:\/\/oxejalsa.com\/wp-content\/uploads\/2018\/07\/Infinity_Helmet_HeadGear_SUspensionPad-100x100.jpg 100w, https:\/\/oxejalsa.com\/wp-content\/uploads\/2018\/07\/Infinity_Helmet_HeadGear_SUspensionPad-416x416.jpg 416w, https:\/\/oxejalsa.com\/wp-content\/uploads\/2018\/07\/Infinity_Helmet_HeadGear_SUspensionPad-150x150.jpg 150w, https:\/\/oxejalsa.com\/wp-content\/uploads\/2018\/07\/Infinity_Helmet_HeadGear_SUspensionPad-324x324.jpg 324w, https:\/\/oxejalsa.com\/wp-content\/uploads\/2018\/07\/Infinity_Helmet_HeadGear_SUspensionPad.jpg 445w\" sizes=\"auto, (max-width: 300px) 100vw, 300px\" \/><\/p>\n","protected":false},"excerpt":{"rendered":"<p>Careta Electr\u00f3nica regulable, ligera y suspensi\u00f3n superior para mayoer eficiencia, cuenta con tecnolog\u00eda de lentes ClearLight \u2122<br \/>\nFunciones<br \/>\nEsmerilar<br \/>\nSoldar<br \/>\nCortar<br \/>\nControles digitales que facilitan el ajuste de sombra, sensibilidad y retraso de sombra<br \/>\nRango de sombras: 5-8 y de 9-13<br \/>\nCampo de visualizaci\u00f3n: 7.22 pulgadas<\/p>\n","protected":false},"featured_media":631,"comment_status":"open","ping_status":"closed","template":"","meta":{"_acf_changed":false},"product_brand":[],"product_cat":[32,33],"product_tag":[],"class_list":{"0":"post-581","1":"product","2":"type-product","3":"status-publish","4":"has-post-thumbnail","6":"product_cat-caretas-electronicas","7":"product_cat-seguridad-industrial","9":"first","10":"instock","11":"shipping-taxable","12":"product-type-simple"},"acf":[],"jetpack_sharing_enabled":true,"_links":{"self":[{"href":"https:\/\/oxejalsa.com\/index.php\/wp-json\/wp\/v2\/product\/581","targetHints":{"allow":["GET"]}}],"collection":[{"href":"https:\/\/oxejalsa.com\/index.php\/wp-json\/wp\/v2\/product"}],"about":[{"href":"https:\/\/oxejalsa.com\/index.php\/wp-json\/wp\/v2\/types\/product"}],"replies":[{"embeddable":true,"href":"https:\/\/oxejalsa.com\/index.php\/wp-json\/wp\/v2\/comments?post=581"}],"wp:featuredmedia":[{"embeddable":true,"href":"https:\/\/oxejalsa.com\/index.php\/wp-json\/wp\/v2\/media\/631"}],"wp:attachment":[{"href":"https:\/\/oxejalsa.com\/index.php\/wp-json\/wp\/v2\/media?parent=581"}],"wp:term":[{"taxonomy":"product_brand","embeddable":true,"href":"https:\/\/oxejalsa.com\/index.php\/wp-json\/wp\/v2\/product_brand?post=581"},{"taxonomy":"product_cat","embeddable":true,"href":"https:\/\/oxejalsa.com\/index.php\/wp-json\/wp\/v2\/product_cat?post=581"},{"taxonomy":"product_tag","embeddable":true,"href":"https:\/\/oxejalsa.com\/index.php\/wp-json\/wp\/v2\/product_tag?post=581"}],"curies":[{"name":"wp","href":"https:\/\/api.w.org\/{rel}","templated":true}]}}