{"id":574,"date":"2018-07-13T09:23:08","date_gmt":"2018-07-13T15:23:08","guid":{"rendered":"http:\/\/dummy.oxejalsa.com.mx\/?post_type=product&#038;p=574"},"modified":"2024-08-14T22:07:29","modified_gmt":"2024-08-15T04:07:29","slug":"digital-infinity-cat-2nd-edition-282007","status":"publish","type":"product","link":"https:\/\/oxejalsa.com\/index.php\/product\/digital-infinity-cat-2nd-edition-282007\/","title":{"rendered":"Digital Infinity\u2122, Cat\u00ae 2nd Edition"},"content":{"rendered":"<p>INCLUYE ENVIO<\/p>\n<p>PRECIO INCLUYE IVA<\/p>\n<p><img loading=\"lazy\" decoding=\"async\" class=\"alignnone size-medium wp-image-577\" src=\"http:\/\/dummy.oxejalsa.com.mx\/wp-content\/uploads\/2018\/07\/Infinity_Helmet_HeadGear_SUspensionPad-300x300.jpg\" alt=\"\" width=\"300\" height=\"300\" srcset=\"https:\/\/oxejalsa.com\/wp-content\/uploads\/2018\/07\/Infinity_Helmet_HeadGear_SUspensionPad-300x300.jpg 300w, https:\/\/oxejalsa.com\/wp-content\/uploads\/2018\/07\/Infinity_Helmet_HeadGear_SUspensionPad-346x346.jpg 346w, https:\/\/oxejalsa.com\/wp-content\/uploads\/2018\/07\/Infinity_Helmet_HeadGear_SUspensionPad-100x100.jpg 100w, https:\/\/oxejalsa.com\/wp-content\/uploads\/2018\/07\/Infinity_Helmet_HeadGear_SUspensionPad-416x416.jpg 416w, https:\/\/oxejalsa.com\/wp-content\/uploads\/2018\/07\/Infinity_Helmet_HeadGear_SUspensionPad-150x150.jpg 150w, https:\/\/oxejalsa.com\/wp-content\/uploads\/2018\/07\/Infinity_Helmet_HeadGear_SUspensionPad-324x324.jpg 324w, https:\/\/oxejalsa.com\/wp-content\/uploads\/2018\/07\/Infinity_Helmet_HeadGear_SUspensionPad.jpg 445w\" sizes=\"auto, (max-width: 300px) 100vw, 300px\" \/><img loading=\"lazy\" decoding=\"async\" class=\"alignnone size-medium wp-image-579\" src=\"http:\/\/dummy.oxejalsa.com.mx\/wp-content\/uploads\/2018\/07\/Infinity_DigitalControl-2-300x300.jpg\" alt=\"\" width=\"300\" height=\"300\" srcset=\"https:\/\/oxejalsa.com\/wp-content\/uploads\/2018\/07\/Infinity_DigitalControl-2-300x300.jpg 300w, https:\/\/oxejalsa.com\/wp-content\/uploads\/2018\/07\/Infinity_DigitalControl-2-346x346.jpg 346w, https:\/\/oxejalsa.com\/wp-content\/uploads\/2018\/07\/Infinity_DigitalControl-2-100x100.jpg 100w, https:\/\/oxejalsa.com\/wp-content\/uploads\/2018\/07\/Infinity_DigitalControl-2-416x416.jpg 416w, https:\/\/oxejalsa.com\/wp-content\/uploads\/2018\/07\/Infinity_DigitalControl-2-150x150.jpg 150w, https:\/\/oxejalsa.com\/wp-content\/uploads\/2018\/07\/Infinity_DigitalControl-2-324x324.jpg 324w, https:\/\/oxejalsa.com\/wp-content\/uploads\/2018\/07\/Infinity_DigitalControl-2.jpg 445w\" sizes=\"auto, (max-width: 300px) 100vw, 300px\" \/><\/p>\n","protected":false},"excerpt":{"rendered":"<p>Careta electr\u00f3nica con el \u00e1rea de visualizaci\u00f3n mas grande en la industria, m\u00e1xima visibilidad con la tecnolog\u00eda de lentes CLEARLIGHT de Miller<br \/>\nSombra regulable 9-13<br \/>\nModo: Esmerilar<br \/>\nSoldar<br \/>\nCorta<br \/>\nControles digitales que facilitan el ajuste de sombra, sensibilidad y retraso de sombra<br \/>\nCampo de Vista: 13.4 pulgadas<\/p>\n","protected":false},"featured_media":633,"comment_status":"open","ping_status":"closed","template":"","meta":{"_acf_changed":false},"product_brand":[],"product_cat":[32,33],"product_tag":[],"class_list":{"0":"post-574","1":"product","2":"type-product","3":"status-publish","4":"has-post-thumbnail","6":"product_cat-caretas-electronicas","7":"product_cat-seguridad-industrial","9":"first","10":"instock","11":"shipping-taxable","12":"product-type-simple"},"acf":[],"jetpack_sharing_enabled":true,"_links":{"self":[{"href":"https:\/\/oxejalsa.com\/index.php\/wp-json\/wp\/v2\/product\/574","targetHints":{"allow":["GET"]}}],"collection":[{"href":"https:\/\/oxejalsa.com\/index.php\/wp-json\/wp\/v2\/product"}],"about":[{"href":"https:\/\/oxejalsa.com\/index.php\/wp-json\/wp\/v2\/types\/product"}],"replies":[{"embeddable":true,"href":"https:\/\/oxejalsa.com\/index.php\/wp-json\/wp\/v2\/comments?post=574"}],"wp:featuredmedia":[{"embeddable":true,"href":"https:\/\/oxejalsa.com\/index.php\/wp-json\/wp\/v2\/media\/633"}],"wp:attachment":[{"href":"https:\/\/oxejalsa.com\/index.php\/wp-json\/wp\/v2\/media?parent=574"}],"wp:term":[{"taxonomy":"product_brand","embeddable":true,"href":"https:\/\/oxejalsa.com\/index.php\/wp-json\/wp\/v2\/product_brand?post=574"},{"taxonomy":"product_cat","embeddable":true,"href":"https:\/\/oxejalsa.com\/index.php\/wp-json\/wp\/v2\/product_cat?post=574"},{"taxonomy":"product_tag","embeddable":true,"href":"https:\/\/oxejalsa.com\/index.php\/wp-json\/wp\/v2\/product_tag?post=574"}],"curies":[{"name":"wp","href":"https:\/\/api.w.org\/{rel}","templated":true}]}}