{"id":1925,"date":"2026-02-13T13:44:25","date_gmt":"2026-02-13T19:44:25","guid":{"rendered":"https:\/\/oxejalsa.com\/?post_type=product&#038;p=1925"},"modified":"2026-02-16T19:46:39","modified_gmt":"2026-02-17T01:46:39","slug":"regulador-oxigeno-industrial","status":"publish","type":"product","link":"https:\/\/oxejalsa.com\/index.php\/product\/regulador-oxigeno-industrial\/","title":{"rendered":"REGULADOR OXIGENO INDUSTRIAL"},"content":{"rendered":"<p class=\"p1\"><b>Controla la presi\u00f3n y el flujo de suministro de ox\u00edgeno utilizado en aplicaciones industriales para soldar y cortar, otorgando seguridad al operador<\/b><\/p>\n","protected":false},"excerpt":{"rendered":"<p><a class=\"btn\" style=\"background-color: black; color: white; padding: 2em; border-color: 3px solid red;\" href=\"http:\/\/oxejalsa.com\/wp-content\/uploads\/2026\/02\/LR_PDF-uso.pdf\" target=\"_blank\" rel=\"noopener\">Manual de Uso<\/a><\/p>\n<p>&nbsp;<\/p>\n<p class=\"p1\"><b>Caracter\u00edsticas<\/b><\/p>\n<ul>\n<li class=\"p1\">Capacidad de salida : 0-8 kg\/cm2<\/li>\n<li class=\"p1\">Capacidad del manometro de alta: 4000 psi<\/li>\n<li class=\"p1\">Tipo de conexi\u00f3n: CGA540<\/li>\n<li class=\"p1\">Conexi\u00f3n de salida: 9\/16\u201d 18 hilos macho<\/li>\n<\/ul>\n<p>&nbsp;<\/p>\n<p class=\"p1\"><b>Ventajas<\/b><\/p>\n<ul>\n<li class=\"p1\">Cuerpo de lat\u00f3n robusto para mayor durabilidad para un sin l\u00edmite de reparaciones.<\/li>\n<li class=\"p1\">Cuenta con V\u00e1lvula de seguridad patentada que evita la presi\u00f3n sobrada del aparato, evitando accidente y brindando seguridad al operador, se dispara despu\u00e9s de 7kgs\/cm2<\/li>\n<li class=\"p1\">Diafragma de 1\/16 tramado neopreno<\/li>\n<li class=\"p1\">Man\u00f3metros de 2\u201d para mayor resistencia.<\/li>\n<li class=\"p1\">Cuerpo maquinado de barra lat\u00f3n 1 \u00be\u201d<\/li>\n<li class=\"p1\">Tapa de aluminio de 2\u201d hexagonal<\/li>\n<li class=\"p1\">Mariposa de ajuste con rosca extralarga para mayor duraci\u00f3n<\/li>\n<li class=\"p1\">Hechos para durar m\u00e1s que cualquier regulador convencional en el mercado<\/li>\n<li class=\"p1\">Producto de fabricaci\u00f3n nacional<\/li>\n<\/ul>\n","protected":false},"featured_media":1926,"comment_status":"open","ping_status":"closed","template":"","meta":{"_acf_changed":false},"product_brand":[58],"product_cat":[42],"product_tag":[62,68,67,69],"class_list":{"0":"post-1925","1":"product","2":"type-product","3":"status-publish","4":"has-post-thumbnail","6":"product_brand-lr","7":"product_cat-reguladoresgases","8":"product_tag-lr","9":"product_tag-oxejalsa","10":"product_tag-reguladores","11":"product_tag-reguladores-de-gas","13":"first","14":"instock","15":"shipping-taxable","16":"purchasable","17":"product-type-simple"},"acf":[],"jetpack_sharing_enabled":true,"_links":{"self":[{"href":"https:\/\/oxejalsa.com\/index.php\/wp-json\/wp\/v2\/product\/1925","targetHints":{"allow":["GET"]}}],"collection":[{"href":"https:\/\/oxejalsa.com\/index.php\/wp-json\/wp\/v2\/product"}],"about":[{"href":"https:\/\/oxejalsa.com\/index.php\/wp-json\/wp\/v2\/types\/product"}],"replies":[{"embeddable":true,"href":"https:\/\/oxejalsa.com\/index.php\/wp-json\/wp\/v2\/comments?post=1925"}],"wp:featuredmedia":[{"embeddable":true,"href":"https:\/\/oxejalsa.com\/index.php\/wp-json\/wp\/v2\/media\/1926"}],"wp:attachment":[{"href":"https:\/\/oxejalsa.com\/index.php\/wp-json\/wp\/v2\/media?parent=1925"}],"wp:term":[{"taxonomy":"product_brand","embeddable":true,"href":"https:\/\/oxejalsa.com\/index.php\/wp-json\/wp\/v2\/product_brand?post=1925"},{"taxonomy":"product_cat","embeddable":true,"href":"https:\/\/oxejalsa.com\/index.php\/wp-json\/wp\/v2\/product_cat?post=1925"},{"taxonomy":"product_tag","embeddable":true,"href":"https:\/\/oxejalsa.com\/index.php\/wp-json\/wp\/v2\/product_tag?post=1925"}],"curies":[{"name":"wp","href":"https:\/\/api.w.org\/{rel}","templated":true}]}}