{"id":1875,"date":"2022-07-07T10:35:12","date_gmt":"2022-07-07T16:35:12","guid":{"rendered":"http:\/\/oxejalsa.com\/?post_type=product&#038;p=1875"},"modified":"2022-07-07T10:38:06","modified_gmt":"2022-07-07T16:38:06","slug":"manta-protectora-weld-500","status":"publish","type":"product","link":"https:\/\/oxejalsa.com\/index.php\/product\/manta-protectora-weld-500\/","title":{"rendered":"MANTA PROTECTORA WELD 500"},"content":{"rendered":"<h2>Mantas protectoras<\/h2>\n<p>Son usadas para proteger equipos y\/o personas que se encuentran tanto en las \u00e1reas de operaci\u00f3n como en las \u00e1reas de soldadura y corte con flamas, esmerilado, fundici\u00f3n, tratamientos t\u00e9rmicos, etc.<\/p>\n<p>Tiene muchas aplicaciones que se recomiendan principalmente para protecci\u00f3n contra salpicaduras y chisporroteo de soldadura.<\/p>\n<p>\u2013\u00a0 Est\u00e1n fabricadas con tela de fibra de vidrio y recubiertas vermiculita color negro.<\/p>\n<p>\u2013\u00a0 Cosido y ribeteado en los 4 lados.<\/p>\n<p>\u2013\u00a0 Ojillos met\u00e1licos.<\/p>\n<p>\u2013\u00a0 Mayor resistencia y seguridad contra otros materiales como asbesto.<\/p>\n<p>\u2013\u00a0 Mantiene los bordes de la tela unidos para evitar desprendimiento o desgarre<\/p>\n","protected":false},"excerpt":{"rendered":"<p><strong>Son usadas para proteger equipos y\/o personas que se encuentran tanto en las \u00e1reas de operaci\u00f3n como en las \u00e1reas de soldadura<br \/>\ny corte con flamas, esmerilado, fundici\u00f3n, tratamientos t\u00e9rmicos, etc.<br \/>\nEst\u00e1n fabricadas con tela de fibra de vidrio y recubiertas Vermiculita (color negro) y tiene muchas aplicaciones a\u00fan que se recomiendan<br \/>\nprincipalmente para protecci\u00f3n contra salpicaduras y chisporroteo de soldadura.<\/strong><\/p>\n","protected":false},"featured_media":1876,"comment_status":"open","ping_status":"closed","template":"","meta":{"_acf_changed":false},"product_brand":[],"product_cat":[18,33],"product_tag":[],"class_list":{"0":"post-1875","1":"product","2":"type-product","3":"status-publish","4":"has-post-thumbnail","6":"product_cat-accesorios","7":"product_cat-seguridad-industrial","9":"first","10":"instock","11":"shipping-taxable","12":"product-type-simple"},"acf":[],"jetpack_sharing_enabled":true,"_links":{"self":[{"href":"https:\/\/oxejalsa.com\/index.php\/wp-json\/wp\/v2\/product\/1875","targetHints":{"allow":["GET"]}}],"collection":[{"href":"https:\/\/oxejalsa.com\/index.php\/wp-json\/wp\/v2\/product"}],"about":[{"href":"https:\/\/oxejalsa.com\/index.php\/wp-json\/wp\/v2\/types\/product"}],"replies":[{"embeddable":true,"href":"https:\/\/oxejalsa.com\/index.php\/wp-json\/wp\/v2\/comments?post=1875"}],"wp:featuredmedia":[{"embeddable":true,"href":"https:\/\/oxejalsa.com\/index.php\/wp-json\/wp\/v2\/media\/1876"}],"wp:attachment":[{"href":"https:\/\/oxejalsa.com\/index.php\/wp-json\/wp\/v2\/media?parent=1875"}],"wp:term":[{"taxonomy":"product_brand","embeddable":true,"href":"https:\/\/oxejalsa.com\/index.php\/wp-json\/wp\/v2\/product_brand?post=1875"},{"taxonomy":"product_cat","embeddable":true,"href":"https:\/\/oxejalsa.com\/index.php\/wp-json\/wp\/v2\/product_cat?post=1875"},{"taxonomy":"product_tag","embeddable":true,"href":"https:\/\/oxejalsa.com\/index.php\/wp-json\/wp\/v2\/product_tag?post=1875"}],"curies":[{"name":"wp","href":"https:\/\/api.w.org\/{rel}","templated":true}]}}