{"id":1840,"date":"2022-06-21T10:22:55","date_gmt":"2022-06-21T16:22:55","guid":{"rendered":"http:\/\/oxejalsa.com\/?post_type=product&#038;p=1840"},"modified":"2022-06-21T10:22:55","modified_gmt":"2022-06-21T16:22:55","slug":"miller-big-blue-pro-400-motor-kubota-diesel","status":"publish","type":"product","link":"https:\/\/oxejalsa.com\/index.php\/product\/miller-big-blue-pro-400-motor-kubota-diesel\/","title":{"rendered":"MILLER BIG BLUE PRO 400 MOTOR KUBOTA DIESEL"},"content":{"rendered":"<p>MILLER BIG BLUE 400 MOTOR KUBOTA DIESEL<\/p>\n<p>M\u00e1quina de soldar a Diesel Miller. Equipo para soldar los mas exigentes trabajos en cuanto a soldadura se refiere, fabricaci\u00f3n en serie, estructura, reparaci\u00f3n de barcos. Equipo tambi\u00e9n para generar hasta 5,500 watts pico, lo cual la hace una m\u00e1quina bastante \u00fatil como planta generadora el\u00e9ctrica.<\/p>\n<p><b>Procesos<\/b><\/p>\n<ul>\n<li>MIG (GMAW) (ACCESORIOS NO INCLU\u00cdDOS)<\/li>\n<li>DC TIG (DC GTAW) (ACCESORIOS NO INCLU\u00cdDOS)<\/li>\n<li>ELECTRODO (SMAW) (ACCESORIOS NO INCLU\u00cdDOS)<\/li>\n<li>Flux Cored (FCAW) (ACCESORIOS NO INCLU\u00cdDOS)<\/li>\n<\/ul>\n<p>**SE OFRECE \u00daNICAMENTE M\u00c1QUINA, ACCESORIOS SON COTIZADOS APARTE.<\/p>\n","protected":false},"excerpt":{"rendered":"<p>Soldadora Miller Big Blue 400 cc o cc\/cv<\/p>\n<p>Hot Start<\/p>\n<p>Arc-Drive<\/p>\n<p>Generador con potencia de 5500 vatios<\/p>\n<p>Potencia de salida a 104 \u00b0 f, \u00a0400 A en 36 (14,4 kW)<\/p>\n<p>Ciclo de trabajo del 100% V<\/p>\n","protected":false},"featured_media":1841,"comment_status":"open","ping_status":"closed","template":"","meta":{"_acf_changed":false},"product_brand":[],"product_cat":[21],"product_tag":[],"class_list":{"0":"post-1840","1":"product","2":"type-product","3":"status-publish","4":"has-post-thumbnail","6":"product_cat-maquinas","8":"first","9":"instock","10":"shipping-taxable","11":"product-type-simple"},"acf":[],"jetpack_sharing_enabled":true,"_links":{"self":[{"href":"https:\/\/oxejalsa.com\/index.php\/wp-json\/wp\/v2\/product\/1840","targetHints":{"allow":["GET"]}}],"collection":[{"href":"https:\/\/oxejalsa.com\/index.php\/wp-json\/wp\/v2\/product"}],"about":[{"href":"https:\/\/oxejalsa.com\/index.php\/wp-json\/wp\/v2\/types\/product"}],"replies":[{"embeddable":true,"href":"https:\/\/oxejalsa.com\/index.php\/wp-json\/wp\/v2\/comments?post=1840"}],"wp:featuredmedia":[{"embeddable":true,"href":"https:\/\/oxejalsa.com\/index.php\/wp-json\/wp\/v2\/media\/1841"}],"wp:attachment":[{"href":"https:\/\/oxejalsa.com\/index.php\/wp-json\/wp\/v2\/media?parent=1840"}],"wp:term":[{"taxonomy":"product_brand","embeddable":true,"href":"https:\/\/oxejalsa.com\/index.php\/wp-json\/wp\/v2\/product_brand?post=1840"},{"taxonomy":"product_cat","embeddable":true,"href":"https:\/\/oxejalsa.com\/index.php\/wp-json\/wp\/v2\/product_cat?post=1840"},{"taxonomy":"product_tag","embeddable":true,"href":"https:\/\/oxejalsa.com\/index.php\/wp-json\/wp\/v2\/product_tag?post=1840"}],"curies":[{"name":"wp","href":"https:\/\/api.w.org\/{rel}","templated":true}]}}