{"id":1837,"date":"2022-06-21T10:10:43","date_gmt":"2022-06-21T16:10:43","guid":{"rendered":"http:\/\/oxejalsa.com\/?post_type=product&#038;p=1837"},"modified":"2022-06-21T10:10:44","modified_gmt":"2022-06-21T16:10:44","slug":"maquina-inversora-mega-force-22-lincoln","status":"publish","type":"product","link":"https:\/\/oxejalsa.com\/index.php\/product\/maquina-inversora-mega-force-22-lincoln\/","title":{"rendered":"M\u00c1QUINA INVERSORA MEGA FORCE 22 LINCOLN"},"content":{"rendered":"<p><strong>MAQUINA PARA SOLDAR \/ INVERSOR<\/strong><\/p>\n<p>M\u00e1s que una m\u00e1quina STICK, las\u00a0<strong>MEGA FORCE\u00ae 130, 175 y 225<\/strong>\u00a0se dise\u00f1aron pensando de t\u00ed.<\/p>\n<p>Estas m\u00e1quinas son capaces de soldar en modo Stick y Tig y est\u00e1n repletas de caracter\u00edsticas como\u00a0<strong>POWER CONNECT, IGBT Technology y ajuste f\u00e1cil.<\/strong>\u00a0Todas estas caracter\u00edsticas se comunican a trav\u00e9s de una pantalla\u00a0<strong>LED Technology<\/strong>, f\u00e1cil de usar y muy visible.<\/p>\n","protected":false},"excerpt":{"rendered":"<div class=\"modelSub clearfix\">\n<p><span id=\"ctl00_cph_SingleCol_cph_MainContent_productdetail_ctl00_ctlInfo_lblProductNumber\">K69069-1<\/span><\/p>\n<p>Caracter\u00edsticas Superiores<\/p>\n<\/div>\n<div class=\"productInfo\">\n<div id=\"features\">\n<ul>\n<li>Simple de operar, cuenta con selector de proceso.<\/li>\n<li>Ajuste f\u00e1cil debido a su indicador de amperaje.<\/li>\n<li>Conexi\u00f3n r\u00e1pida Twist Mate\u2122.<\/li>\n<li>Indicador de protecci\u00f3n t\u00e9rmica.<\/li>\n<li>Sistema de ventilaci\u00f3n mejorado.<\/li>\n<\/ul>\n<p><span id=\"ctl00_cph_SingleCol_cph_MainContent_productdetail_ctl00_ctlInfo_lblInputPowerLabel\">Potencia de Entrada<\/span><\/p>\n<ul>\n<li>120V \/ 1 \/ 50 \/60 Hz<\/li>\n<li>230V \/ 1 \/ 50 \/60 Hz<\/li>\n<li>MAX OCV 80 V<\/li>\n<li><\/li>\n<\/ul>\n<p><span id=\"ctl00_cph_SingleCol_cph_MainContent_productdetail_ctl00_ctlInfo_lblProcessesLabel\">Procesos<\/span><\/p>\n<p>Electrodo revestido, TIG<\/p><\/div>\n<\/div>\n","protected":false},"featured_media":1838,"comment_status":"open","ping_status":"closed","template":"","meta":{"_acf_changed":false},"product_brand":[],"product_cat":[21],"product_tag":[],"class_list":{"0":"post-1837","1":"product","2":"type-product","3":"status-publish","4":"has-post-thumbnail","6":"product_cat-maquinas","8":"first","9":"instock","10":"shipping-taxable","11":"product-type-simple"},"acf":[],"jetpack_sharing_enabled":true,"_links":{"self":[{"href":"https:\/\/oxejalsa.com\/index.php\/wp-json\/wp\/v2\/product\/1837","targetHints":{"allow":["GET"]}}],"collection":[{"href":"https:\/\/oxejalsa.com\/index.php\/wp-json\/wp\/v2\/product"}],"about":[{"href":"https:\/\/oxejalsa.com\/index.php\/wp-json\/wp\/v2\/types\/product"}],"replies":[{"embeddable":true,"href":"https:\/\/oxejalsa.com\/index.php\/wp-json\/wp\/v2\/comments?post=1837"}],"wp:featuredmedia":[{"embeddable":true,"href":"https:\/\/oxejalsa.com\/index.php\/wp-json\/wp\/v2\/media\/1838"}],"wp:attachment":[{"href":"https:\/\/oxejalsa.com\/index.php\/wp-json\/wp\/v2\/media?parent=1837"}],"wp:term":[{"taxonomy":"product_brand","embeddable":true,"href":"https:\/\/oxejalsa.com\/index.php\/wp-json\/wp\/v2\/product_brand?post=1837"},{"taxonomy":"product_cat","embeddable":true,"href":"https:\/\/oxejalsa.com\/index.php\/wp-json\/wp\/v2\/product_cat?post=1837"},{"taxonomy":"product_tag","embeddable":true,"href":"https:\/\/oxejalsa.com\/index.php\/wp-json\/wp\/v2\/product_tag?post=1837"}],"curies":[{"name":"wp","href":"https:\/\/api.w.org\/{rel}","templated":true}]}}