{"id":1767,"date":"2021-11-02T12:24:52","date_gmt":"2021-11-02T18:24:52","guid":{"rendered":"http:\/\/oxejalsa.com\/?post_type=product&#038;p=1767"},"modified":"2021-11-02T12:29:11","modified_gmt":"2021-11-02T18:29:11","slug":"tuerca-y-niple-de-conexion-argon-cga-580","status":"publish","type":"product","link":"https:\/\/oxejalsa.com\/index.php\/product\/tuerca-y-niple-de-conexion-argon-cga-580\/","title":{"rendered":"TUERCA Y NIPLE DE CONEXI\u00d3N ARG\u00d3N CGA-580"},"content":{"rendered":"<p>TUERCA Y NIPLE (PICTEL) DE CONEXI\u00d3N ARG\u00d3N CGA-580<\/p>\n","protected":false},"excerpt":{"rendered":"<p>TUERCA Y NIPLE (PICTEL) DE CONEXI\u00d3N ARG\u00d3N CGA-580<\/p>\n","protected":false},"featured_media":1768,"comment_status":"open","ping_status":"closed","template":"","meta":{"_acf_changed":false},"product_brand":[],"product_cat":[18,42],"product_tag":[],"class_list":{"0":"post-1767","1":"product","2":"type-product","3":"status-publish","4":"has-post-thumbnail","6":"product_cat-accesorios","7":"product_cat-reguladoresgases","9":"first","10":"instock","11":"shipping-taxable","12":"product-type-simple"},"acf":[],"jetpack_sharing_enabled":true,"_links":{"self":[{"href":"https:\/\/oxejalsa.com\/index.php\/wp-json\/wp\/v2\/product\/1767","targetHints":{"allow":["GET"]}}],"collection":[{"href":"https:\/\/oxejalsa.com\/index.php\/wp-json\/wp\/v2\/product"}],"about":[{"href":"https:\/\/oxejalsa.com\/index.php\/wp-json\/wp\/v2\/types\/product"}],"replies":[{"embeddable":true,"href":"https:\/\/oxejalsa.com\/index.php\/wp-json\/wp\/v2\/comments?post=1767"}],"wp:featuredmedia":[{"embeddable":true,"href":"https:\/\/oxejalsa.com\/index.php\/wp-json\/wp\/v2\/media\/1768"}],"wp:attachment":[{"href":"https:\/\/oxejalsa.com\/index.php\/wp-json\/wp\/v2\/media?parent=1767"}],"wp:term":[{"taxonomy":"product_brand","embeddable":true,"href":"https:\/\/oxejalsa.com\/index.php\/wp-json\/wp\/v2\/product_brand?post=1767"},{"taxonomy":"product_cat","embeddable":true,"href":"https:\/\/oxejalsa.com\/index.php\/wp-json\/wp\/v2\/product_cat?post=1767"},{"taxonomy":"product_tag","embeddable":true,"href":"https:\/\/oxejalsa.com\/index.php\/wp-json\/wp\/v2\/product_tag?post=1767"}],"curies":[{"name":"wp","href":"https:\/\/api.w.org\/{rel}","templated":true}]}}