{"id":1700,"date":"2021-09-02T12:54:17","date_gmt":"2021-09-02T18:54:17","guid":{"rendered":"http:\/\/oxejalsa.com\/?post_type=product&#038;p=1700"},"modified":"2021-09-02T13:14:43","modified_gmt":"2021-09-02T19:14:43","slug":"electrodos-de-tungsteno-2-thorio","status":"publish","type":"product","link":"https:\/\/oxejalsa.com\/index.php\/product\/electrodos-de-tungsteno-2-thorio\/","title":{"rendered":"TUNGSTENO 2% THORIO"},"content":{"rendered":"<p>Di\u00e1metros\u00a0 \u00a0 \u00a0 Longitud<\/p>\n<p>1\/16\u00a0 \u00a0 \u00a0 \u00a0 \u00a0 \u00a0 \u00a0 \u00a0 \u00a0 \u00a0 \u00a07\u00a8<\/p>\n<p>3\/32\u00a0 \u00a0 \u00a0 \u00a0 \u00a0 \u00a0 \u00a0 \u00a0 \u00a0 \u00a0 \u00a07\u00a8<\/p>\n<p>1\/8\u00a0 \u00a0 \u00a0 \u00a0 \u00a0 \u00a0 \u00a0 \u00a0 \u00a0 \u00a0 \u00a0 \u00a07\u00a8<\/p>\n","protected":false},"excerpt":{"rendered":"<h2>Electrodos de Tungsteno 2% Thorio<\/h2>\n<p>COLOR DE IDENTIFICACI\u00d3N LOS ELECTRODOS DE TUNGSTENO: ROJO<\/p>\n<p><span class=\"a-list-item\">\u2013\u00a0 Estabilidad del arco, p\u00e9rdida peque\u00f1a, larga vida \u00fatil, alta conductividad.<\/span><\/p>\n<p><span class=\"a-list-item\">\u2013\u00a0 Se utiliza para la soldadura de acero al carbono, acero inoxidable, aleaci\u00f3n de cobre y titanios.<\/span><\/p>\n<p><span class=\"a-list-item\">\u2013\u00a0 El electrodo de tungsteno es f\u00e1cil de operar.<\/span><\/p>\n<p><span class=\"a-list-item\">\u2013\u00a0 El Thorio aumenta las cualidades de emisi\u00f3n de electrones del electrodo, lo que mejora el arranque del arco y permite una mayor capacidad de carga de corriente.<\/span><\/p>\n<p>Los electrodos de tungsteno con Thorio son superiores en muchos aspectos a los electrodos de Tungsteno puros. El Thorio es responsable de incrementar la vida \u00fatil del electrodo, esto es debido a que se aumenta la capacidad conductora de electricidad en aproximadamente 20%, el Thorio reduce tambi\u00e9n la punta del electrodo brinda gran resistencia a la contaminaci\u00f3n de la soldadura.<\/p>\n<p>Est\u00e1n designados para usarse en aplicaciones con corriente directa electrodo al negativo, mantienen muy bien el afilado de la punta, lo que los hace adecuados para soldar aceros y aleaciones de N\u00edquel.<\/p>\n","protected":false},"featured_media":1701,"comment_status":"open","ping_status":"closed","template":"","meta":{"_acf_changed":false},"product_brand":[],"product_cat":[18,15],"product_tag":[],"class_list":{"0":"post-1700","1":"product","2":"type-product","3":"status-publish","4":"has-post-thumbnail","6":"product_cat-accesorios","7":"product_cat-prueba","9":"first","10":"instock","11":"shipping-taxable","12":"product-type-simple"},"acf":[],"jetpack_sharing_enabled":true,"_links":{"self":[{"href":"https:\/\/oxejalsa.com\/index.php\/wp-json\/wp\/v2\/product\/1700","targetHints":{"allow":["GET"]}}],"collection":[{"href":"https:\/\/oxejalsa.com\/index.php\/wp-json\/wp\/v2\/product"}],"about":[{"href":"https:\/\/oxejalsa.com\/index.php\/wp-json\/wp\/v2\/types\/product"}],"replies":[{"embeddable":true,"href":"https:\/\/oxejalsa.com\/index.php\/wp-json\/wp\/v2\/comments?post=1700"}],"wp:featuredmedia":[{"embeddable":true,"href":"https:\/\/oxejalsa.com\/index.php\/wp-json\/wp\/v2\/media\/1701"}],"wp:attachment":[{"href":"https:\/\/oxejalsa.com\/index.php\/wp-json\/wp\/v2\/media?parent=1700"}],"wp:term":[{"taxonomy":"product_brand","embeddable":true,"href":"https:\/\/oxejalsa.com\/index.php\/wp-json\/wp\/v2\/product_brand?post=1700"},{"taxonomy":"product_cat","embeddable":true,"href":"https:\/\/oxejalsa.com\/index.php\/wp-json\/wp\/v2\/product_cat?post=1700"},{"taxonomy":"product_tag","embeddable":true,"href":"https:\/\/oxejalsa.com\/index.php\/wp-json\/wp\/v2\/product_tag?post=1700"}],"curies":[{"name":"wp","href":"https:\/\/api.w.org\/{rel}","templated":true}]}}