{"id":1672,"date":"2021-08-25T11:56:10","date_gmt":"2021-08-25T17:56:10","guid":{"rendered":"http:\/\/oxejalsa.com\/?post_type=product&#038;p=1672"},"modified":"2021-08-25T11:56:11","modified_gmt":"2021-08-25T17:56:11","slug":"spoolmatic-30a-180831-miller","status":"publish","type":"product","link":"https:\/\/oxejalsa.com\/index.php\/product\/spoolmatic-30a-180831-miller\/","title":{"rendered":"SPOOLMATIC 30A 180831 MILLER"},"content":{"rendered":"<p>Pistola Spoolmatic 30A para soldar aluminio marca Miller.<\/p>\n<p>Compatible con los equipos:<\/p>\n<p>Millermatic\u00ae 212 Auto-Set\u2122, 250X*, 251*, 252, 255, 300 w\/meters*, 350*, 350P, Multimatic\u00ae 255,<br \/>\nShopmate\u2122 300 DX<\/p>\n","protected":false},"excerpt":{"rendered":"<p>Pistola de microalambre para soldar aluminio. Disponible en 30 pies (9 m) y 15 pies (4.6 m). Dise\u00f1ada para m\u00e1quinas Miller. Spoolgun f\u00e1cil y sencilla de usar la cual le har\u00e1 ahorrar dinero al soldar Aluminio.<\/p>\n","protected":false},"featured_media":1673,"comment_status":"open","ping_status":"closed","template":"","meta":{"_acf_changed":false},"product_brand":[],"product_cat":[17],"product_tag":[],"class_list":{"0":"post-1672","1":"product","2":"type-product","3":"status-publish","4":"has-post-thumbnail","6":"product_cat-microalambre","8":"first","9":"instock","10":"shipping-taxable","11":"product-type-simple"},"acf":[],"jetpack_sharing_enabled":true,"_links":{"self":[{"href":"https:\/\/oxejalsa.com\/index.php\/wp-json\/wp\/v2\/product\/1672","targetHints":{"allow":["GET"]}}],"collection":[{"href":"https:\/\/oxejalsa.com\/index.php\/wp-json\/wp\/v2\/product"}],"about":[{"href":"https:\/\/oxejalsa.com\/index.php\/wp-json\/wp\/v2\/types\/product"}],"replies":[{"embeddable":true,"href":"https:\/\/oxejalsa.com\/index.php\/wp-json\/wp\/v2\/comments?post=1672"}],"wp:featuredmedia":[{"embeddable":true,"href":"https:\/\/oxejalsa.com\/index.php\/wp-json\/wp\/v2\/media\/1673"}],"wp:attachment":[{"href":"https:\/\/oxejalsa.com\/index.php\/wp-json\/wp\/v2\/media?parent=1672"}],"wp:term":[{"taxonomy":"product_brand","embeddable":true,"href":"https:\/\/oxejalsa.com\/index.php\/wp-json\/wp\/v2\/product_brand?post=1672"},{"taxonomy":"product_cat","embeddable":true,"href":"https:\/\/oxejalsa.com\/index.php\/wp-json\/wp\/v2\/product_cat?post=1672"},{"taxonomy":"product_tag","embeddable":true,"href":"https:\/\/oxejalsa.com\/index.php\/wp-json\/wp\/v2\/product_tag?post=1672"}],"curies":[{"name":"wp","href":"https:\/\/api.w.org\/{rel}","templated":true}]}}