{"id":1629,"date":"2021-04-09T12:43:28","date_gmt":"2021-04-09T18:43:28","guid":{"rendered":"http:\/\/oxejalsa.com\/?post_type=product&#038;p=1629"},"modified":"2021-04-09T12:44:15","modified_gmt":"2021-04-09T18:44:15","slug":"concentrador-de-oxigeno-stratus-5l","status":"publish","type":"product","link":"https:\/\/oxejalsa.com\/index.php\/product\/concentrador-de-oxigeno-stratus-5l\/","title":{"rendered":"CONCENTRADOR DE OX\u00cdGENO STRATUS 5L"},"content":{"rendered":"<p>CONCENTRADOR DISPONIBLE DE ENTREGA INMEDIATA<\/p>\n<p>COTIZACIONES<\/p>\n<p>servicio@oxejalsa.com<\/p>\n","protected":false},"excerpt":{"rendered":"<p>El Concentrador de Oxigeno Stratus 5 de 3B Medical esta disenado para proveer terapia de oxigeno para personas que lo requieren diariamente.<\/p>\n<p>El concentrador Stratus 5 (3B Medical STR1005) cuenta con una banda humidificadora que asegura la botella al dispositivo. Tambi\u00e9n tiene un medidor de flujo que muestra los litros de ox\u00edgeno por minuto que fluyen desde el puerto de salida. Est\u00e1 dise\u00f1ado con un interruptor de encendido que tiene c\u00f3digos de lectura f\u00e1ciles de leer: \u201cI\u201d indica que el dispositivo est\u00e1 funcionando actualmente, \u201cO\u201d indica que ya no se est\u00e1 suministrando ox\u00edgeno. Tiene un dise\u00f1o \u00fanico con un filtro de entrada que evita que las part\u00edculas de polvo entren en el concentrador para proteger al usuario. Este sistema de O2 tambi\u00e9n viene con un panel de acceso al filtro, que permite una f\u00e1cil limpieza y mantenimiento.<\/p>\n","protected":false},"featured_media":1632,"comment_status":"open","ping_status":"closed","template":"","meta":{"_acf_changed":false},"product_brand":[],"product_cat":[45,42],"product_tag":[],"class_list":{"0":"post-1629","1":"product","2":"type-product","3":"status-publish","4":"has-post-thumbnail","6":"product_cat-equipo-medicinal","7":"product_cat-reguladoresgases","9":"first","10":"instock","11":"shipping-taxable","12":"product-type-simple"},"acf":[],"jetpack_sharing_enabled":true,"_links":{"self":[{"href":"https:\/\/oxejalsa.com\/index.php\/wp-json\/wp\/v2\/product\/1629","targetHints":{"allow":["GET"]}}],"collection":[{"href":"https:\/\/oxejalsa.com\/index.php\/wp-json\/wp\/v2\/product"}],"about":[{"href":"https:\/\/oxejalsa.com\/index.php\/wp-json\/wp\/v2\/types\/product"}],"replies":[{"embeddable":true,"href":"https:\/\/oxejalsa.com\/index.php\/wp-json\/wp\/v2\/comments?post=1629"}],"wp:featuredmedia":[{"embeddable":true,"href":"https:\/\/oxejalsa.com\/index.php\/wp-json\/wp\/v2\/media\/1632"}],"wp:attachment":[{"href":"https:\/\/oxejalsa.com\/index.php\/wp-json\/wp\/v2\/media?parent=1629"}],"wp:term":[{"taxonomy":"product_brand","embeddable":true,"href":"https:\/\/oxejalsa.com\/index.php\/wp-json\/wp\/v2\/product_brand?post=1629"},{"taxonomy":"product_cat","embeddable":true,"href":"https:\/\/oxejalsa.com\/index.php\/wp-json\/wp\/v2\/product_cat?post=1629"},{"taxonomy":"product_tag","embeddable":true,"href":"https:\/\/oxejalsa.com\/index.php\/wp-json\/wp\/v2\/product_tag?post=1629"}],"curies":[{"name":"wp","href":"https:\/\/api.w.org\/{rel}","templated":true}]}}