{"id":1625,"date":"2021-04-09T12:33:05","date_gmt":"2021-04-09T18:33:05","guid":{"rendered":"http:\/\/oxejalsa.com\/?post_type=product&#038;p=1625"},"modified":"2024-07-31T03:13:27","modified_gmt":"2024-07-31T09:13:27","slug":"concentrador-de-oxigeno-newlife-intensity-10-litros","status":"publish","type":"product","link":"https:\/\/oxejalsa.com\/index.php\/product\/concentrador-de-oxigeno-newlife-intensity-10-litros\/","title":{"rendered":"CONCENTRADOR DE OX\u00cdGENO NEWLIFE INTENSITY 10 LITROS"},"content":{"rendered":"<div class=\"description\">\n<ul class=\"tabs-content\">\n<li id=\"tab2\" class=\"active\">\n<ol>\n<li type=\"disc\">Flujo de ox\u00edgeno: 1-10 litros por minuto<\/li>\n<li type=\"disc\">Concentraci\u00f3n de Ox\u00edgeno: 92% a 2-9 Lpm \u2013 90% a 10 Lpm<\/li>\n<li type=\"disc\">Presi\u00f3n de salida del oxigeno: 138 kPa (20 psig)<\/li>\n<li type=\"disc\">Dimensiones: 36.8 x 41.9 x 69.9 cm<\/li>\n<li type=\"disc\">Nivel de sonido: &lt;55 dBA<\/li>\n<li type=\"disc\">Peso: 26.4 kg<\/li>\n<li type=\"disc\">Consumo: 590 Watts<\/li>\n<li type=\"disc\">Marcado CE. Clase II tipo B<\/li>\n<li type=\"disc\">Tensi\u00f3n: 230-240 V 50 Hz<\/li>\n<li type=\"disc\">Filtros: detr\u00e1s del aparato y otro delante de la llave de ox\u00edgeno &lt; 2.0 \u03bcm<\/li>\n<li type=\"disc\">Bater\u00eda: No<\/li>\n<li type=\"disc\">Alarma de alta y baja presi\u00f3n<\/li>\n<li type=\"disc\">Alarma de corte de fluido el\u00e9ctrico<\/li>\n<li type=\"disc\">Alarma de temperatura<\/li>\n<li type=\"disc\">Alarma de baja concentraci\u00f3n (con monitor opcional de oxigeno)<\/li>\n<li type=\"disc\">Garantia: 1 a\u00f1o<\/li>\n<\/ol>\n<\/li>\n<\/ul>\n<\/div>\n<div class=\"meta\">ENTREGA INMEDIATA<\/div>\n","protected":false},"excerpt":{"rendered":"<p>El concentrador NewLife\u00ae Intensity 10, har\u00e1 que tus mayores desaf\u00edos en aplicaciones del ox\u00edgeno puedan ser realidad.\u00a0 Aplicaciones especiales, como con el uso de nebulizadores tradicionales para aerosolterapia, venti mask, y medicaci\u00f3n nebulizada con oxigeno, son posibles en el domicilio.<br \/>\nAlta presi\u00f3n de salida para proporcionar superior a 10 lpm de ox\u00edgeno. Silencioso y funcionamiento eficiente con la tecnolog\u00eda PowerPurge TM. Capacidad de uso de accesorios est\u00e1ndar y prolongadores de elevada longitud sin perdida de flujo. Disponibilidad de fluxometro de caudal bajo para aplicaciones pedi\u00e1tricas y otras aplicaciones que requieran estos caudales muy bajos.<\/p>\n<p>DISPONIBLE<\/p>\n<p>COTIZACIONES<\/p>\n<p>servicio@oxejalsa.com<\/p>\n","protected":false},"featured_media":1626,"comment_status":"open","ping_status":"closed","template":"","meta":{"_acf_changed":false},"product_brand":[],"product_cat":[45,42],"product_tag":[],"class_list":{"0":"post-1625","1":"product","2":"type-product","3":"status-publish","4":"has-post-thumbnail","6":"product_cat-equipo-medicinal","7":"product_cat-reguladoresgases","9":"first","10":"instock","11":"shipping-taxable","12":"product-type-simple"},"acf":[],"jetpack_sharing_enabled":true,"_links":{"self":[{"href":"https:\/\/oxejalsa.com\/index.php\/wp-json\/wp\/v2\/product\/1625","targetHints":{"allow":["GET"]}}],"collection":[{"href":"https:\/\/oxejalsa.com\/index.php\/wp-json\/wp\/v2\/product"}],"about":[{"href":"https:\/\/oxejalsa.com\/index.php\/wp-json\/wp\/v2\/types\/product"}],"replies":[{"embeddable":true,"href":"https:\/\/oxejalsa.com\/index.php\/wp-json\/wp\/v2\/comments?post=1625"}],"wp:featuredmedia":[{"embeddable":true,"href":"https:\/\/oxejalsa.com\/index.php\/wp-json\/wp\/v2\/media\/1626"}],"wp:attachment":[{"href":"https:\/\/oxejalsa.com\/index.php\/wp-json\/wp\/v2\/media?parent=1625"}],"wp:term":[{"taxonomy":"product_brand","embeddable":true,"href":"https:\/\/oxejalsa.com\/index.php\/wp-json\/wp\/v2\/product_brand?post=1625"},{"taxonomy":"product_cat","embeddable":true,"href":"https:\/\/oxejalsa.com\/index.php\/wp-json\/wp\/v2\/product_cat?post=1625"},{"taxonomy":"product_tag","embeddable":true,"href":"https:\/\/oxejalsa.com\/index.php\/wp-json\/wp\/v2\/product_tag?post=1625"}],"curies":[{"name":"wp","href":"https:\/\/api.w.org\/{rel}","templated":true}]}}