{"id":1606,"date":"2021-02-26T10:38:05","date_gmt":"2021-02-26T16:38:05","guid":{"rendered":"http:\/\/oxejalsa.com\/?post_type=product&#038;p=1606"},"modified":"2021-07-06T08:52:17","modified_gmt":"2021-07-06T14:52:17","slug":"cst-282-208-575v-maquina-inversora-miller","status":"publish","type":"product","link":"https:\/\/oxejalsa.com\/index.php\/product\/cst-282-208-575v-maquina-inversora-miller\/","title":{"rendered":"CST\u2122 282 208-575V M\u00c1QUINA INVERSORA MILLER"},"content":{"rendered":"<p>M\u00e1quina Inversora Miller dise\u00f1ada para trabajos de soldadura industrial, soldadura de tuberia, soldadura estructural, trabajos de soldadura en serie. Trabajos de soldadura en TIG (Inoxidable y Acero al carb\u00f3n).<\/p>\n<p>LIFT ARC TIG &#8211; VRB &#8211; HOT START &#8211; AUTOLINE TECNOLOGY<\/p>\n<p>1-3 FASES 220-440 VOLTS<\/p>\n<p>Weld OutputStick: 30\u2013280 A, TIG: 5\u2013280 A<\/p>\n<p>&nbsp;<\/p>\n<p><a href=\"https:\/\/www.millerwelds.com\/-\/media\/inriver\/dc296-cst-282--english.pdf\">FICHA T\u00c9CNICA<\/a><\/p>\n","protected":false},"excerpt":{"rendered":"<p>M\u00e1quina de soldar tipo Inversor MILLER<\/p>\n","protected":false},"featured_media":1607,"comment_status":"open","ping_status":"closed","template":"","meta":{"_acf_changed":false},"product_brand":[],"product_cat":[21],"product_tag":[],"class_list":{"0":"post-1606","1":"product","2":"type-product","3":"status-publish","4":"has-post-thumbnail","6":"product_cat-maquinas","8":"first","9":"instock","10":"shipping-taxable","11":"product-type-simple"},"acf":[],"jetpack_sharing_enabled":true,"_links":{"self":[{"href":"https:\/\/oxejalsa.com\/index.php\/wp-json\/wp\/v2\/product\/1606","targetHints":{"allow":["GET"]}}],"collection":[{"href":"https:\/\/oxejalsa.com\/index.php\/wp-json\/wp\/v2\/product"}],"about":[{"href":"https:\/\/oxejalsa.com\/index.php\/wp-json\/wp\/v2\/types\/product"}],"replies":[{"embeddable":true,"href":"https:\/\/oxejalsa.com\/index.php\/wp-json\/wp\/v2\/comments?post=1606"}],"wp:featuredmedia":[{"embeddable":true,"href":"https:\/\/oxejalsa.com\/index.php\/wp-json\/wp\/v2\/media\/1607"}],"wp:attachment":[{"href":"https:\/\/oxejalsa.com\/index.php\/wp-json\/wp\/v2\/media?parent=1606"}],"wp:term":[{"taxonomy":"product_brand","embeddable":true,"href":"https:\/\/oxejalsa.com\/index.php\/wp-json\/wp\/v2\/product_brand?post=1606"},{"taxonomy":"product_cat","embeddable":true,"href":"https:\/\/oxejalsa.com\/index.php\/wp-json\/wp\/v2\/product_cat?post=1606"},{"taxonomy":"product_tag","embeddable":true,"href":"https:\/\/oxejalsa.com\/index.php\/wp-json\/wp\/v2\/product_tag?post=1606"}],"curies":[{"name":"wp","href":"https:\/\/api.w.org\/{rel}","templated":true}]}}