{"id":1536,"date":"2020-12-04T11:13:48","date_gmt":"2020-12-04T17:13:48","guid":{"rendered":"http:\/\/oxejalsa.com\/?post_type=product&#038;p=1536"},"modified":"2023-02-13T08:18:02","modified_gmt":"2023-02-13T14:18:02","slug":"kit-liquido-limpiador-revelador-y-penetrante-cantesco","status":"publish","type":"product","link":"https:\/\/oxejalsa.com\/index.php\/product\/kit-liquido-limpiador-revelador-y-penetrante-cantesco\/","title":{"rendered":"KIT LIQUIDO LIMPIADOR, REVELADOR Y PENETRANTE CANTESCO"},"content":{"rendered":"<p>DETALLES<br \/>\nL\u00edquidos penetrantes en spray para ensayos no destructivos para la detecci\u00f3n de defectos superficiales. Se utilizan en conjunto el Limpiador, Penetrante y Revelador. Puede emplearse sobre materiales como aluminio, magnesio, lat\u00f3n, cobre, hierro fundido, acero, acero inoxidable, carburos, estelita, algunos pl\u00e1sticos y cer\u00e1mica. Las superficies deber\u00e1n estar libres de cualquier material extra\u00f1o y pintura. La grasa, los aceites, etc. impiden la penetraci\u00f3n por lo que deber\u00e1n ser eliminados limpiando previamente la zona con el Limpiador.<\/p>\n","protected":false},"excerpt":{"rendered":"<p>Descripci\u00f3n Presentaci\u00f3n<br \/>\nCAN*C101-A L\u00edquido limpiador Lata de 12 onzas (340 grs.)<br \/>\nCAN*D101-A L\u00edquido revelador Lata de 12 onzas (340 grs.)<br \/>\nCAN*P101S-A L\u00edquido penetrante Lata de 12 onzas (340 grs.)<\/p>\n","protected":false},"featured_media":1537,"comment_status":"open","ping_status":"closed","template":"","meta":{"_acf_changed":false},"product_brand":[],"product_cat":[18],"product_tag":[],"class_list":{"0":"post-1536","1":"product","2":"type-product","3":"status-publish","4":"has-post-thumbnail","6":"product_cat-accesorios","8":"first","9":"instock","10":"shipping-taxable","11":"product-type-simple"},"acf":[],"jetpack_sharing_enabled":true,"_links":{"self":[{"href":"https:\/\/oxejalsa.com\/index.php\/wp-json\/wp\/v2\/product\/1536","targetHints":{"allow":["GET"]}}],"collection":[{"href":"https:\/\/oxejalsa.com\/index.php\/wp-json\/wp\/v2\/product"}],"about":[{"href":"https:\/\/oxejalsa.com\/index.php\/wp-json\/wp\/v2\/types\/product"}],"replies":[{"embeddable":true,"href":"https:\/\/oxejalsa.com\/index.php\/wp-json\/wp\/v2\/comments?post=1536"}],"wp:featuredmedia":[{"embeddable":true,"href":"https:\/\/oxejalsa.com\/index.php\/wp-json\/wp\/v2\/media\/1537"}],"wp:attachment":[{"href":"https:\/\/oxejalsa.com\/index.php\/wp-json\/wp\/v2\/media?parent=1536"}],"wp:term":[{"taxonomy":"product_brand","embeddable":true,"href":"https:\/\/oxejalsa.com\/index.php\/wp-json\/wp\/v2\/product_brand?post=1536"},{"taxonomy":"product_cat","embeddable":true,"href":"https:\/\/oxejalsa.com\/index.php\/wp-json\/wp\/v2\/product_cat?post=1536"},{"taxonomy":"product_tag","embeddable":true,"href":"https:\/\/oxejalsa.com\/index.php\/wp-json\/wp\/v2\/product_tag?post=1536"}],"curies":[{"name":"wp","href":"https:\/\/api.w.org\/{rel}","templated":true}]}}