{"id":1504,"date":"2020-10-08T12:33:29","date_gmt":"2020-10-08T18:33:29","guid":{"rendered":"http:\/\/oxejalsa.com\/?post_type=product&#038;p=1504"},"modified":"2024-09-15T22:35:37","modified_gmt":"2024-09-16T04:35:37","slug":"lr-regulador-de-argon-industrial","status":"publish","type":"product","link":"https:\/\/oxejalsa.com\/index.php\/product\/lr-regulador-de-argon-industrial\/","title":{"rendered":"LR REGULADOR DE ARG\u00d3N INDUSTRIAL"},"content":{"rendered":"<p>El Regulador de gas Arg\u00f3n de LR hace un equipo robusto y econ\u00f3mico, no a la compra pero si a largo tiempo, esto es por que al tener man\u00f3metros como marcadores hace su reemplazo sea bastante econ\u00f3mico a diferencia de los reguladores convencionales de fluj\u00f3metro. Un fluj\u00f3metro marca de igual forma que un man\u00f3metro tipo reloj de caratula, es por eso lo hace mucho mas econ\u00f3mico para futuras reparaciones o ca\u00eddas por parte de los operadores. Un tubo fluj\u00f3metro hace incosteable una reparaci\u00f3n, en cambio el regulador LR de caratula hace que sea el equipo mas costeable para empresas manufactureras.<\/p>\n<p>Gas: Arg\u00f3n<br \/>\nRango de flujo: 0-25 LPM (0-70 CFH)<br \/>\nM\u00e1xima presi\u00f3n de entrada: 3000 PSI<br \/>\nConexi\u00f3n de entrada: CGA-580<\/p>\n","protected":false},"excerpt":{"rendered":"<p>Regulador de Arg\u00f3n Industrial, 100% mexicano. Sistema de asiento mejor en su clase.<\/p>\n<p>Garant\u00eda de 1 a\u00f1o<\/p>\n","protected":false},"featured_media":1505,"comment_status":"open","ping_status":"closed","template":"","meta":{"_acf_changed":false},"product_brand":[],"product_cat":[42],"product_tag":[],"class_list":{"0":"post-1504","1":"product","2":"type-product","3":"status-publish","4":"has-post-thumbnail","6":"product_cat-reguladoresgases","8":"first","9":"instock","10":"shipping-taxable","11":"product-type-simple"},"acf":[],"jetpack_sharing_enabled":true,"_links":{"self":[{"href":"https:\/\/oxejalsa.com\/index.php\/wp-json\/wp\/v2\/product\/1504","targetHints":{"allow":["GET"]}}],"collection":[{"href":"https:\/\/oxejalsa.com\/index.php\/wp-json\/wp\/v2\/product"}],"about":[{"href":"https:\/\/oxejalsa.com\/index.php\/wp-json\/wp\/v2\/types\/product"}],"replies":[{"embeddable":true,"href":"https:\/\/oxejalsa.com\/index.php\/wp-json\/wp\/v2\/comments?post=1504"}],"wp:featuredmedia":[{"embeddable":true,"href":"https:\/\/oxejalsa.com\/index.php\/wp-json\/wp\/v2\/media\/1505"}],"wp:attachment":[{"href":"https:\/\/oxejalsa.com\/index.php\/wp-json\/wp\/v2\/media?parent=1504"}],"wp:term":[{"taxonomy":"product_brand","embeddable":true,"href":"https:\/\/oxejalsa.com\/index.php\/wp-json\/wp\/v2\/product_brand?post=1504"},{"taxonomy":"product_cat","embeddable":true,"href":"https:\/\/oxejalsa.com\/index.php\/wp-json\/wp\/v2\/product_cat?post=1504"},{"taxonomy":"product_tag","embeddable":true,"href":"https:\/\/oxejalsa.com\/index.php\/wp-json\/wp\/v2\/product_tag?post=1504"}],"curies":[{"name":"wp","href":"https:\/\/api.w.org\/{rel}","templated":true}]}}