{"id":1501,"date":"2020-10-08T12:28:21","date_gmt":"2020-10-08T18:28:21","guid":{"rendered":"http:\/\/oxejalsa.com\/?post_type=product&#038;p=1501"},"modified":"2024-07-20T18:15:54","modified_gmt":"2024-07-21T00:15:54","slug":"lr-regulador-de-co2-industrial","status":"publish","type":"product","link":"https:\/\/oxejalsa.com\/index.php\/product\/lr-regulador-de-co2-industrial\/","title":{"rendered":"LR REGULADOR DE CO2 INDUSTRIAL"},"content":{"rendered":"<p>El Regulador de CO2 de LR hace un equipo robusto y econ\u00f3mico, no a la compra pero si a largo tiempo, esto es por que al tener man\u00f3metros como marcadores hace su reemplazo sea bastante econ\u00f3mico a diferencia de los reguladores convencionales de fluj\u00f3metro. Un fluj\u00f3metro marca de igual forma que un man\u00f3metro tipo reloj de caratula, es por eso lo hace mucho mas econ\u00f3mico para futuras reparaciones o ca\u00eddas por parte de los operadores. Un tubo fluj\u00f3metro hace incosteable una reparaci\u00f3n, en cambio el regulador LR de caratula hace que sea el equipo mas costeable para empresas manufactureras.<\/p>\n<p>Gas: CO2<br \/>\nCapacidad de flujo: 0 a 70 SCFH<br \/>\nCapacidad del man\u00f3metro de entrada: 4\u2019000 psig<br \/>\nConexi\u00f3n de entrada: CGA320<\/p>\n","protected":false},"excerpt":{"rendered":"<p>Regulador de CO2 Industrial, 100% mexicano. Sistema de asiento mejor en su clase.<\/p>\n<p>Garant\u00eda de 1 a\u00f1o<\/p>\n","protected":false},"featured_media":1502,"comment_status":"open","ping_status":"closed","template":"","meta":{"_acf_changed":false},"product_brand":[],"product_cat":[42],"product_tag":[],"class_list":{"0":"post-1501","1":"product","2":"type-product","3":"status-publish","4":"has-post-thumbnail","6":"product_cat-reguladoresgases","8":"first","9":"instock","10":"shipping-taxable","11":"product-type-simple"},"acf":[],"jetpack_sharing_enabled":true,"_links":{"self":[{"href":"https:\/\/oxejalsa.com\/index.php\/wp-json\/wp\/v2\/product\/1501","targetHints":{"allow":["GET"]}}],"collection":[{"href":"https:\/\/oxejalsa.com\/index.php\/wp-json\/wp\/v2\/product"}],"about":[{"href":"https:\/\/oxejalsa.com\/index.php\/wp-json\/wp\/v2\/types\/product"}],"replies":[{"embeddable":true,"href":"https:\/\/oxejalsa.com\/index.php\/wp-json\/wp\/v2\/comments?post=1501"}],"wp:featuredmedia":[{"embeddable":true,"href":"https:\/\/oxejalsa.com\/index.php\/wp-json\/wp\/v2\/media\/1502"}],"wp:attachment":[{"href":"https:\/\/oxejalsa.com\/index.php\/wp-json\/wp\/v2\/media?parent=1501"}],"wp:term":[{"taxonomy":"product_brand","embeddable":true,"href":"https:\/\/oxejalsa.com\/index.php\/wp-json\/wp\/v2\/product_brand?post=1501"},{"taxonomy":"product_cat","embeddable":true,"href":"https:\/\/oxejalsa.com\/index.php\/wp-json\/wp\/v2\/product_cat?post=1501"},{"taxonomy":"product_tag","embeddable":true,"href":"https:\/\/oxejalsa.com\/index.php\/wp-json\/wp\/v2\/product_tag?post=1501"}],"curies":[{"name":"wp","href":"https:\/\/api.w.org\/{rel}","templated":true}]}}