{"id":1153,"date":"2020-06-29T10:22:56","date_gmt":"2020-06-29T16:22:56","guid":{"rendered":"http:\/\/oxejalsa.com\/?post_type=product&#038;p=1153"},"modified":"2023-01-15T14:31:17","modified_gmt":"2023-01-15T20:31:17","slug":"spray-anti-salpicaduras-weld500","status":"publish","type":"product","link":"https:\/\/oxejalsa.com\/index.php\/product\/spray-anti-salpicaduras-weld500\/","title":{"rendered":"SPRAY ANTI SALPICADURAS WELD500\u00ae"},"content":{"rendered":"<p>DESCRIPCI\u00d3N T\u00c9CNICAWLD*Q0-1620-16Su pr\u00e1ctica presentaci\u00f3n facilita la aplicaci\u00f3n, solo roc\u00ede directamente sobre la tobera, difusor y puntas de contacto y de esa forma mantendr\u00e1 una fina capa que evitar\u00e1 que las chispas y salpicaduras se adhieran. Tambi\u00e9n puede rociarse sobre la zona adyacente a la soldadura y evitar\u00e1 que se peguen las chispas. No contiene silicones y no da\u00f1a la capa de ozono. Bajo nivel de olor.Contenido neto 16 Onzas.<\/p>\n<p>&nbsp;<\/p>\n<p>&nbsp;<\/p>\n","protected":false},"excerpt":{"rendered":"<div class=\"texto-detalles\">\n<p>Su pr\u00e1ctica presentaci\u00f3n facilita la aplicaci\u00f3n, solo roc\u00ede directamente sobre la tobera, difusor y puntas de contacto y de esa forma mantendr\u00e1 una fina capa que evitar\u00e1 que las chispas y salpicaduras se adhieran.<\/p>\n<p>Tambi\u00e9n puede rociarse sobre la zona adyacente a la soldadura y evitara que se peguen las chispas.<\/p>\n<p>No contiene silicones y no da\u00f1a la capa de ozono. Bajo nivel de olor. Contenido neto 16 Onzas.<\/p>\n<\/div>\n","protected":false},"featured_media":1154,"comment_status":"open","ping_status":"closed","template":"","meta":{"_acf_changed":false},"product_brand":[],"product_cat":[18,33],"product_tag":[],"class_list":{"0":"post-1153","1":"product","2":"type-product","3":"status-publish","4":"has-post-thumbnail","6":"product_cat-accesorios","7":"product_cat-seguridad-industrial","9":"first","10":"instock","11":"shipping-taxable","12":"product-type-simple"},"acf":[],"jetpack_sharing_enabled":true,"_links":{"self":[{"href":"https:\/\/oxejalsa.com\/index.php\/wp-json\/wp\/v2\/product\/1153","targetHints":{"allow":["GET"]}}],"collection":[{"href":"https:\/\/oxejalsa.com\/index.php\/wp-json\/wp\/v2\/product"}],"about":[{"href":"https:\/\/oxejalsa.com\/index.php\/wp-json\/wp\/v2\/types\/product"}],"replies":[{"embeddable":true,"href":"https:\/\/oxejalsa.com\/index.php\/wp-json\/wp\/v2\/comments?post=1153"}],"wp:featuredmedia":[{"embeddable":true,"href":"https:\/\/oxejalsa.com\/index.php\/wp-json\/wp\/v2\/media\/1154"}],"wp:attachment":[{"href":"https:\/\/oxejalsa.com\/index.php\/wp-json\/wp\/v2\/media?parent=1153"}],"wp:term":[{"taxonomy":"product_brand","embeddable":true,"href":"https:\/\/oxejalsa.com\/index.php\/wp-json\/wp\/v2\/product_brand?post=1153"},{"taxonomy":"product_cat","embeddable":true,"href":"https:\/\/oxejalsa.com\/index.php\/wp-json\/wp\/v2\/product_cat?post=1153"},{"taxonomy":"product_tag","embeddable":true,"href":"https:\/\/oxejalsa.com\/index.php\/wp-json\/wp\/v2\/product_tag?post=1153"}],"curies":[{"name":"wp","href":"https:\/\/api.w.org\/{rel}","templated":true}]}}