{"id":1150,"date":"2020-06-29T08:53:21","date_gmt":"2020-06-29T14:53:21","guid":{"rendered":"http:\/\/oxejalsa.com\/?post_type=product&#038;p=1150"},"modified":"2022-11-23T17:51:55","modified_gmt":"2022-11-23T23:51:55","slug":"cortina-transparente-para-soldar","status":"publish","type":"product","link":"https:\/\/oxejalsa.com\/index.php\/product\/cortina-transparente-para-soldar\/","title":{"rendered":"CORTINA TRANSPARENTE PARA SOLDAR"},"content":{"rendered":"<p>Las cortinas para soldadura Weld500\u00ae est\u00e1n especificamente dise\u00f1adas y fabricadas para eliminar la peligrosa radiaci\u00f3n ultra violeta y minimizar el resplandor<br \/>\nproducido por el arco de soldadura. De esta forma incrementa la iluminaci\u00f3n en el \u00e1rea de trabajo del soldador sin reducir significativamente la visibilidad a<br \/>\ntrav\u00e9s de la cortina.<br \/>\nLas cortinas absorben y filtran la luz del espectro para crear un ambiente de trabajo seguro y mejor para el soldador, para sus compa\u00f1eros de trabajo,<br \/>\nsupervisor y en general para toda persona que se encuentre cerca. Minimiza el resplandor del arco de soldadura y adem\u00e1s pone m\u00e1s luz en el \u00e1rea de trabajo<br \/>\ndel soldador, ayudando as\u00ed al soldador como ninguna otra cortina protectora.<br \/>\nHace m\u00e1s f\u00e1cil el trabajo de supervisi\u00f3n.<br \/>\nIncrementa la producci\u00f3n.<br \/>\nPuede ser usada en MIG, TIG, electrodo revestido y otros procesos de soldadura el\u00e9ctrica.<br \/>\nElimina que el soldador se sienta encerrado.<br \/>\nDisminuye el resplandor del arco.<br \/>\nBrinda m\u00e1s luz dentro del \u00e1rea de trabajo del soldador.<\/p>\n<p>WLD*SP-C675P-0<br \/>\nCortina naranja instant\u00e1nea en rollo de 1.82 mts. (alto)<br \/>\nx 22.86 mts. (largo)<\/p>\n<p>WLD*SP-6848-25<br \/>\nCortina naranja instant\u00e1nea de 1.82 metros x 2.43 metros<\/p>\n<p>WLD*SP-6636<br \/>\nCortina naranja instant\u00e1nea de 1.82 metros x 1.82 metrosCortina-Naranja<\/p>\n","protected":false},"excerpt":{"rendered":"<p>Cortinas transparentes para soldar, basadas en principios cient\u00edficos para proteger al soldador, elimina los da\u00f1inos rayos ultravioleta, brinda buena visibilidad, minimiza el resplandor del asco y mejora la visibilidad del soldador al momento del asco, los cuatro lados vienen vulcanizados y con ojitos de metal.<\/p>\n","protected":false},"featured_media":1151,"comment_status":"open","ping_status":"closed","template":"","meta":{"_acf_changed":false},"product_brand":[],"product_cat":[33],"product_tag":[],"class_list":{"0":"post-1150","1":"product","2":"type-product","3":"status-publish","4":"has-post-thumbnail","6":"product_cat-seguridad-industrial","8":"first","9":"instock","10":"shipping-taxable","11":"product-type-simple"},"acf":[],"jetpack_sharing_enabled":true,"_links":{"self":[{"href":"https:\/\/oxejalsa.com\/index.php\/wp-json\/wp\/v2\/product\/1150","targetHints":{"allow":["GET"]}}],"collection":[{"href":"https:\/\/oxejalsa.com\/index.php\/wp-json\/wp\/v2\/product"}],"about":[{"href":"https:\/\/oxejalsa.com\/index.php\/wp-json\/wp\/v2\/types\/product"}],"replies":[{"embeddable":true,"href":"https:\/\/oxejalsa.com\/index.php\/wp-json\/wp\/v2\/comments?post=1150"}],"wp:featuredmedia":[{"embeddable":true,"href":"https:\/\/oxejalsa.com\/index.php\/wp-json\/wp\/v2\/media\/1151"}],"wp:attachment":[{"href":"https:\/\/oxejalsa.com\/index.php\/wp-json\/wp\/v2\/media?parent=1150"}],"wp:term":[{"taxonomy":"product_brand","embeddable":true,"href":"https:\/\/oxejalsa.com\/index.php\/wp-json\/wp\/v2\/product_brand?post=1150"},{"taxonomy":"product_cat","embeddable":true,"href":"https:\/\/oxejalsa.com\/index.php\/wp-json\/wp\/v2\/product_cat?post=1150"},{"taxonomy":"product_tag","embeddable":true,"href":"https:\/\/oxejalsa.com\/index.php\/wp-json\/wp\/v2\/product_tag?post=1150"}],"curies":[{"name":"wp","href":"https:\/\/api.w.org\/{rel}","templated":true}]}}